{"id":47764,"date":"2026-02-10T10:41:46","date_gmt":"2026-02-10T08:41:46","guid":{"rendered":"https:\/\/shakesnack.lt\/vilnius-pavilnioniu\/?post_type=product&#038;p=47764"},"modified":"2026-02-10T10:42:46","modified_gmt":"2026-02-10T08:42:46","slug":"r10-rinkinys-3-asmenims-26-vnt","status":"publish","type":"product","link":"https:\/\/shakesnack.lt\/vilnius-pavilnioniu\/p\/r10-rinkinys-3-asmenims-26-vnt\/","title":{"rendered":"R10. Rinkinys 3 asmenims 26 vnt."},"content":{"rendered":"","protected":false},"excerpt":{"rendered":"<p>8 vnt. Philadelphia Classic (su la\u0161i\u0161a ir dvigubu s\u016briu)<br \/>\n8 vnt. California (su krab\u0173 lazdel\u0117mis)<br \/>\n10 vnt. Namazu Hot (gruzdinti su r\u016bkytu \u0161amu)<\/p>\n","protected":false},"featured_media":47806,"template":"","meta":{"inline_featured_image":false},"product_cat":[226,41,205],"product_tag":[],"class_list":{"0":"post-47764","1":"product","2":"type-product","3":"status-publish","4":"has-post-thumbnail","6":"product_cat-sv-kaledu-ir-naujuju-metu-svenciu-meniu","7":"product_cat-rinkiniai","8":"product_cat-rinkiniai-3-asmenims","10":"first","11":"instock","12":"taxable","13":"shipping-taxable","14":"purchasable","15":"product-type-simple"},"acf":[],"aioseo_notices":[],"_links":{"self":[{"href":"https:\/\/shakesnack.lt\/vilnius-pavilnioniu\/wp-json\/wp\/v2\/product\/47764"}],"collection":[{"href":"https:\/\/shakesnack.lt\/vilnius-pavilnioniu\/wp-json\/wp\/v2\/product"}],"about":[{"href":"https:\/\/shakesnack.lt\/vilnius-pavilnioniu\/wp-json\/wp\/v2\/types\/product"}],"wp:featuredmedia":[{"embeddable":true,"href":"https:\/\/shakesnack.lt\/vilnius-pavilnioniu\/wp-json\/wp\/v2\/media\/47806"}],"wp:attachment":[{"href":"https:\/\/shakesnack.lt\/vilnius-pavilnioniu\/wp-json\/wp\/v2\/media?parent=47764"}],"wp:term":[{"taxonomy":"product_cat","embeddable":true,"href":"https:\/\/shakesnack.lt\/vilnius-pavilnioniu\/wp-json\/wp\/v2\/product_cat?post=47764"},{"taxonomy":"product_tag","embeddable":true,"href":"https:\/\/shakesnack.lt\/vilnius-pavilnioniu\/wp-json\/wp\/v2\/product_tag?post=47764"}],"curies":[{"name":"wp","href":"https:\/\/api.w.org\/{rel}","templated":true}]}}