{"id":47750,"date":"2026-02-10T10:41:22","date_gmt":"2026-02-10T08:41:22","guid":{"rendered":"https:\/\/shakesnack.lt\/vilnius-pavilnioniu\/?post_type=product&#038;p=47750"},"modified":"2026-02-10T10:42:42","modified_gmt":"2026-02-10T08:42:42","slug":"r4-rinkinys-2-asmenims-16-vnt","status":"publish","type":"product","link":"https:\/\/shakesnack.lt\/vilnius-pavilnioniu\/p\/r4-rinkinys-2-asmenims-16-vnt\/","title":{"rendered":"R4. Rinkinys 2 asmenims 16 vnt."},"content":{"rendered":"","protected":false},"excerpt":{"rendered":"<p>4 vnt. Sake tempura (su la\u0161i\u0161a)<br \/>\n4 vnt. Green Sake (su kepta la\u0161i\u0161a ir austri\u0173 pada\u017eu)<br \/>\n4 vnt. Tekka Maguro (su tunu)<br \/>\n4 vnt. Aka (su la\u0161i\u0161a ir krevet\u0117mis)<\/p>\n","protected":false},"featured_media":47804,"template":"","meta":{"inline_featured_image":false},"product_cat":[226,41,204],"product_tag":[],"class_list":{"0":"post-47750","1":"product","2":"type-product","3":"status-publish","4":"has-post-thumbnail","6":"product_cat-sv-kaledu-ir-naujuju-metu-svenciu-meniu","7":"product_cat-rinkiniai","8":"product_cat-rinkiniai-2-asmenims","10":"first","11":"instock","12":"taxable","13":"shipping-taxable","14":"purchasable","15":"product-type-simple"},"acf":[],"aioseo_notices":[],"_links":{"self":[{"href":"https:\/\/shakesnack.lt\/vilnius-pavilnioniu\/wp-json\/wp\/v2\/product\/47750"}],"collection":[{"href":"https:\/\/shakesnack.lt\/vilnius-pavilnioniu\/wp-json\/wp\/v2\/product"}],"about":[{"href":"https:\/\/shakesnack.lt\/vilnius-pavilnioniu\/wp-json\/wp\/v2\/types\/product"}],"wp:featuredmedia":[{"embeddable":true,"href":"https:\/\/shakesnack.lt\/vilnius-pavilnioniu\/wp-json\/wp\/v2\/media\/47804"}],"wp:attachment":[{"href":"https:\/\/shakesnack.lt\/vilnius-pavilnioniu\/wp-json\/wp\/v2\/media?parent=47750"}],"wp:term":[{"taxonomy":"product_cat","embeddable":true,"href":"https:\/\/shakesnack.lt\/vilnius-pavilnioniu\/wp-json\/wp\/v2\/product_cat?post=47750"},{"taxonomy":"product_tag","embeddable":true,"href":"https:\/\/shakesnack.lt\/vilnius-pavilnioniu\/wp-json\/wp\/v2\/product_tag?post=47750"}],"curies":[{"name":"wp","href":"https:\/\/api.w.org\/{rel}","templated":true}]}}