{"id":47717,"date":"2026-02-10T10:40:31","date_gmt":"2026-02-10T08:40:31","guid":{"rendered":"https:\/\/shakesnack.lt\/vilnius-pavilnioniu\/?post_type=product&#038;p=47717"},"modified":"2026-02-10T10:41:34","modified_gmt":"2026-02-10T08:41:34","slug":"treciadieniui-kremine-brokoliu-sriuba","status":"publish","type":"product","link":"https:\/\/shakesnack.lt\/vilnius-pavilnioniu\/p\/treciadieniui-kremine-brokoliu-sriuba\/","title":{"rendered":"TRE\u010cIADIENIUI: Kremin\u0117 brokoli\u0173 sriuba"},"content":{"rendered":"","protected":false},"excerpt":{"rendered":"","protected":false},"featured_media":47757,"template":"","meta":{"inline_featured_image":false},"product_cat":[210],"product_tag":[],"class_list":{"0":"post-47717","1":"product","2":"type-product","3":"status-publish","4":"has-post-thumbnail","6":"product_cat-dienos-pietus-i-iv-nuo-1130-iki-1500","8":"first","9":"outofstock","10":"taxable","11":"shipping-taxable","12":"purchasable","13":"product-type-simple"},"acf":[],"aioseo_notices":[],"_links":{"self":[{"href":"https:\/\/shakesnack.lt\/vilnius-pavilnioniu\/wp-json\/wp\/v2\/product\/47717"}],"collection":[{"href":"https:\/\/shakesnack.lt\/vilnius-pavilnioniu\/wp-json\/wp\/v2\/product"}],"about":[{"href":"https:\/\/shakesnack.lt\/vilnius-pavilnioniu\/wp-json\/wp\/v2\/types\/product"}],"wp:featuredmedia":[{"embeddable":true,"href":"https:\/\/shakesnack.lt\/vilnius-pavilnioniu\/wp-json\/wp\/v2\/media\/47757"}],"wp:attachment":[{"href":"https:\/\/shakesnack.lt\/vilnius-pavilnioniu\/wp-json\/wp\/v2\/media?parent=47717"}],"wp:term":[{"taxonomy":"product_cat","embeddable":true,"href":"https:\/\/shakesnack.lt\/vilnius-pavilnioniu\/wp-json\/wp\/v2\/product_cat?post=47717"},{"taxonomy":"product_tag","embeddable":true,"href":"https:\/\/shakesnack.lt\/vilnius-pavilnioniu\/wp-json\/wp\/v2\/product_tag?post=47717"}],"curies":[{"name":"wp","href":"https:\/\/api.w.org\/{rel}","templated":true}]}}