{"id":47657,"date":"2026-02-10T10:39:24","date_gmt":"2026-02-10T08:39:24","guid":{"rendered":"https:\/\/shakesnack.lt\/vilnius-pavilnioniu\/?post_type=product&#038;p=47657"},"modified":"2026-02-10T11:25:51","modified_gmt":"2026-02-10T09:25:51","slug":"1-wok-su-vistiena-saldziarugsciu-padazu-ir-kvietiniais-makaronais","status":"publish","type":"product","link":"https:\/\/shakesnack.lt\/vilnius-pavilnioniu\/p\/1-wok-su-vistiena-saldziarugsciu-padazu-ir-kvietiniais-makaronais\/","title":{"rendered":"1. WOK SU VI\u0160TIENA, sald\u017eiar\u016bg\u0161\u010diu pada\u017eu ir kvietiniais makaronais"},"content":{"rendered":"","protected":false},"excerpt":{"rendered":"<p>Su kepintomis cukinijomis, morkomis, paprikomis, svog\u016bnais ir \u010desnaku, pievagrybiais, baltaisiais ridikais, terijakiu, soj\u0173 pada\u017eu, sezamu, lai\u0161kinio \u010desnako \u017ealuma.<\/p>\n","protected":false},"featured_media":47703,"template":"","meta":{"inline_featured_image":false},"product_cat":[227,198],"product_tag":[],"class_list":{"0":"post-47657","1":"product","2":"type-product","3":"status-publish","4":"has-post-thumbnail","6":"product_cat-wok-azijietiski-patiekalai","7":"product_cat-top-2","9":"first","10":"outofstock","11":"taxable","12":"shipping-taxable","13":"purchasable","14":"product-type-simple"},"acf":[],"aioseo_notices":[],"_links":{"self":[{"href":"https:\/\/shakesnack.lt\/vilnius-pavilnioniu\/wp-json\/wp\/v2\/product\/47657"}],"collection":[{"href":"https:\/\/shakesnack.lt\/vilnius-pavilnioniu\/wp-json\/wp\/v2\/product"}],"about":[{"href":"https:\/\/shakesnack.lt\/vilnius-pavilnioniu\/wp-json\/wp\/v2\/types\/product"}],"wp:featuredmedia":[{"embeddable":true,"href":"https:\/\/shakesnack.lt\/vilnius-pavilnioniu\/wp-json\/wp\/v2\/media\/47703"}],"wp:attachment":[{"href":"https:\/\/shakesnack.lt\/vilnius-pavilnioniu\/wp-json\/wp\/v2\/media?parent=47657"}],"wp:term":[{"taxonomy":"product_cat","embeddable":true,"href":"https:\/\/shakesnack.lt\/vilnius-pavilnioniu\/wp-json\/wp\/v2\/product_cat?post=47657"},{"taxonomy":"product_tag","embeddable":true,"href":"https:\/\/shakesnack.lt\/vilnius-pavilnioniu\/wp-json\/wp\/v2\/product_tag?post=47657"}],"curies":[{"name":"wp","href":"https:\/\/api.w.org\/{rel}","templated":true}]}}