{"id":47654,"date":"2026-02-10T10:39:22","date_gmt":"2026-02-10T08:39:22","guid":{"rendered":"https:\/\/shakesnack.lt\/vilnius-pavilnioniu\/?post_type=product&#038;p=47654"},"modified":"2026-02-10T11:25:56","modified_gmt":"2026-02-10T09:25:56","slug":"8-wok-su-kiauliena-grietineles-padazu-ir-kvietiniais-makaronais","status":"publish","type":"product","link":"https:\/\/shakesnack.lt\/vilnius-pavilnioniu\/p\/8-wok-su-kiauliena-grietineles-padazu-ir-kvietiniais-makaronais\/","title":{"rendered":"8. WOK SU KIAULIENA, grietin\u0117l\u0117s pada\u017eu ir kvietiniais makaronais"},"content":{"rendered":"","protected":false},"excerpt":{"rendered":"<p>Su kepintomis cukinijomis, morkomis, paprikomis, svog\u016bnais ir \u010desnaku, pievagrybiais, baltaisiais ridikais, terijakiu, soj\u0173 pada\u017eu, lai\u0161kinio \u010desnako \u017ealuma, sezamu.<\/p>\n","protected":false},"featured_media":47684,"template":"","meta":{"inline_featured_image":false},"product_cat":[227],"product_tag":[],"class_list":{"0":"post-47654","1":"product","2":"type-product","3":"status-publish","4":"has-post-thumbnail","6":"product_cat-wok-azijietiski-patiekalai","8":"first","9":"outofstock","10":"taxable","11":"shipping-taxable","12":"purchasable","13":"product-type-simple"},"acf":[],"aioseo_notices":[],"_links":{"self":[{"href":"https:\/\/shakesnack.lt\/vilnius-pavilnioniu\/wp-json\/wp\/v2\/product\/47654"}],"collection":[{"href":"https:\/\/shakesnack.lt\/vilnius-pavilnioniu\/wp-json\/wp\/v2\/product"}],"about":[{"href":"https:\/\/shakesnack.lt\/vilnius-pavilnioniu\/wp-json\/wp\/v2\/types\/product"}],"wp:featuredmedia":[{"embeddable":true,"href":"https:\/\/shakesnack.lt\/vilnius-pavilnioniu\/wp-json\/wp\/v2\/media\/47684"}],"wp:attachment":[{"href":"https:\/\/shakesnack.lt\/vilnius-pavilnioniu\/wp-json\/wp\/v2\/media?parent=47654"}],"wp:term":[{"taxonomy":"product_cat","embeddable":true,"href":"https:\/\/shakesnack.lt\/vilnius-pavilnioniu\/wp-json\/wp\/v2\/product_cat?post=47654"},{"taxonomy":"product_tag","embeddable":true,"href":"https:\/\/shakesnack.lt\/vilnius-pavilnioniu\/wp-json\/wp\/v2\/product_tag?post=47654"}],"curies":[{"name":"wp","href":"https:\/\/api.w.org\/{rel}","templated":true}]}}