{"id":47580,"date":"2026-02-10T10:38:18","date_gmt":"2026-02-10T08:38:18","guid":{"rendered":"https:\/\/shakesnack.lt\/vilnius-pavilnioniu\/?post_type=product&#038;p=47580"},"modified":"2026-02-10T10:39:00","modified_gmt":"2026-02-10T08:39:00","slug":"traskus-uzkandziu-rinkinys-14-vnt","status":"publish","type":"product","link":"https:\/\/shakesnack.lt\/vilnius-pavilnioniu\/p\/traskus-uzkandziu-rinkinys-14-vnt\/","title":{"rendered":"Tra\u0161kus u\u017ekand\u017ei\u0173 rinkinys 14 vnt."},"content":{"rendered":"","protected":false},"excerpt":{"rendered":"<p>Gruzdintos krevet\u0117s, kalmar\u0173 \u017eiedai, kold\u016bnai su vi\u0161tiena ir baravykais, suktinukai su dar\u017eov\u0117mis, midijos ir sald\u017eiar\u016bg\u0161tis aitrokas pada\u017eas.<\/p>\n","protected":false},"featured_media":47624,"template":"","meta":{"inline_featured_image":false},"product_cat":[43],"product_tag":[],"class_list":{"0":"post-47580","1":"product","2":"type-product","3":"status-publish","4":"has-post-thumbnail","6":"product_cat-uzkandziai","8":"first","9":"instock","10":"taxable","11":"shipping-taxable","12":"purchasable","13":"product-type-simple"},"acf":[],"aioseo_notices":[],"_links":{"self":[{"href":"https:\/\/shakesnack.lt\/vilnius-pavilnioniu\/wp-json\/wp\/v2\/product\/47580"}],"collection":[{"href":"https:\/\/shakesnack.lt\/vilnius-pavilnioniu\/wp-json\/wp\/v2\/product"}],"about":[{"href":"https:\/\/shakesnack.lt\/vilnius-pavilnioniu\/wp-json\/wp\/v2\/types\/product"}],"wp:featuredmedia":[{"embeddable":true,"href":"https:\/\/shakesnack.lt\/vilnius-pavilnioniu\/wp-json\/wp\/v2\/media\/47624"}],"wp:attachment":[{"href":"https:\/\/shakesnack.lt\/vilnius-pavilnioniu\/wp-json\/wp\/v2\/media?parent=47580"}],"wp:term":[{"taxonomy":"product_cat","embeddable":true,"href":"https:\/\/shakesnack.lt\/vilnius-pavilnioniu\/wp-json\/wp\/v2\/product_cat?post=47580"},{"taxonomy":"product_tag","embeddable":true,"href":"https:\/\/shakesnack.lt\/vilnius-pavilnioniu\/wp-json\/wp\/v2\/product_tag?post=47580"}],"curies":[{"name":"wp","href":"https:\/\/api.w.org\/{rel}","templated":true}]}}