{"id":48219,"date":"2026-02-10T10:55:46","date_gmt":"2026-02-10T08:55:46","guid":{"rendered":"https:\/\/shakesnack.lt\/vilnius-moletu\/?post_type=product&#038;p=48219"},"modified":"2026-02-10T11:15:20","modified_gmt":"2026-02-10T09:15:20","slug":"6-wok-su-vistiena-ananasais-ir-kiausininiais-makaronais","status":"publish","type":"product","link":"https:\/\/shakesnack.lt\/vilnius-moletu\/p\/6-wok-su-vistiena-ananasais-ir-kiausininiais-makaronais\/","title":{"rendered":"6. WOK SU VI\u0160TIENA, ananasais ir kiau\u0161ininiais makaronais"},"content":{"rendered":"","protected":false},"excerpt":{"rendered":"<p>Marinuota vi\u0161tienos \u0161launeli\u0173 m\u0117sa, ananasai, paprikos, svog\u016bnai, morkos, terijakis, austri\u0173 pada\u017eas, svog\u016bn\u0173 \u017ealuma.<\/p>\n","protected":false},"featured_media":48240,"template":"","meta":{"inline_featured_image":false},"product_cat":[224],"product_tag":[],"class_list":{"0":"post-48219","1":"product","2":"type-product","3":"status-publish","4":"has-post-thumbnail","6":"product_cat-wok-azijietiski-patiekalai","8":"first","9":"outofstock","10":"taxable","11":"shipping-taxable","12":"purchasable","13":"product-type-simple"},"acf":[],"aioseo_notices":[],"_links":{"self":[{"href":"https:\/\/shakesnack.lt\/vilnius-moletu\/wp-json\/wp\/v2\/product\/48219"}],"collection":[{"href":"https:\/\/shakesnack.lt\/vilnius-moletu\/wp-json\/wp\/v2\/product"}],"about":[{"href":"https:\/\/shakesnack.lt\/vilnius-moletu\/wp-json\/wp\/v2\/types\/product"}],"wp:featuredmedia":[{"embeddable":true,"href":"https:\/\/shakesnack.lt\/vilnius-moletu\/wp-json\/wp\/v2\/media\/48240"}],"wp:attachment":[{"href":"https:\/\/shakesnack.lt\/vilnius-moletu\/wp-json\/wp\/v2\/media?parent=48219"}],"wp:term":[{"taxonomy":"product_cat","embeddable":true,"href":"https:\/\/shakesnack.lt\/vilnius-moletu\/wp-json\/wp\/v2\/product_cat?post=48219"},{"taxonomy":"product_tag","embeddable":true,"href":"https:\/\/shakesnack.lt\/vilnius-moletu\/wp-json\/wp\/v2\/product_tag?post=48219"}],"curies":[{"name":"wp","href":"https:\/\/api.w.org\/{rel}","templated":true}]}}