{"id":48192,"date":"2026-02-10T10:55:09","date_gmt":"2026-02-10T08:55:09","guid":{"rendered":"https:\/\/shakesnack.lt\/vilnius-moletu\/?post_type=product&#038;p=48192"},"modified":"2026-02-10T11:15:18","modified_gmt":"2026-02-10T09:15:18","slug":"3-wok-su-vistiena-unagi-padazu-ir-kiausininiais-makaronais","status":"publish","type":"product","link":"https:\/\/shakesnack.lt\/vilnius-moletu\/p\/3-wok-su-vistiena-unagi-padazu-ir-kiausininiais-makaronais\/","title":{"rendered":"3. WOK SU VI\u0160TIENA, UNAGI pada\u017eu ir kiau\u0161ininiais makaronais"},"content":{"rendered":"","protected":false},"excerpt":{"rendered":"<p>Su marinuota vi\u0161tiena, kepintomis morkomis, \u0161itakiais, kininiais kop\u016bstais, brokoliais, baltaisiais ridikais, svog\u016bn\u0173 tra\u0161ku\u010diais, lai\u0161kinio \u010desnako \u017ealuma.<\/p>\n","protected":false},"featured_media":48232,"template":"","meta":{"inline_featured_image":false},"product_cat":[224],"product_tag":[],"class_list":{"0":"post-48192","1":"product","2":"type-product","3":"status-publish","4":"has-post-thumbnail","6":"product_cat-wok-azijietiski-patiekalai","8":"first","9":"outofstock","10":"taxable","11":"shipping-taxable","12":"purchasable","13":"product-type-simple"},"acf":[],"aioseo_notices":[],"_links":{"self":[{"href":"https:\/\/shakesnack.lt\/vilnius-moletu\/wp-json\/wp\/v2\/product\/48192"}],"collection":[{"href":"https:\/\/shakesnack.lt\/vilnius-moletu\/wp-json\/wp\/v2\/product"}],"about":[{"href":"https:\/\/shakesnack.lt\/vilnius-moletu\/wp-json\/wp\/v2\/types\/product"}],"wp:featuredmedia":[{"embeddable":true,"href":"https:\/\/shakesnack.lt\/vilnius-moletu\/wp-json\/wp\/v2\/media\/48232"}],"wp:attachment":[{"href":"https:\/\/shakesnack.lt\/vilnius-moletu\/wp-json\/wp\/v2\/media?parent=48192"}],"wp:term":[{"taxonomy":"product_cat","embeddable":true,"href":"https:\/\/shakesnack.lt\/vilnius-moletu\/wp-json\/wp\/v2\/product_cat?post=48192"},{"taxonomy":"product_tag","embeddable":true,"href":"https:\/\/shakesnack.lt\/vilnius-moletu\/wp-json\/wp\/v2\/product_tag?post=48192"}],"curies":[{"name":"wp","href":"https:\/\/api.w.org\/{rel}","templated":true}]}}