{"id":48186,"date":"2026-02-10T10:55:02","date_gmt":"2026-02-10T08:55:02","guid":{"rendered":"https:\/\/shakesnack.lt\/vilnius-moletu\/?post_type=product&#038;p=48186"},"modified":"2026-02-10T10:55:58","modified_gmt":"2026-02-10T08:55:58","slug":"p4-padeklas-4-5-asmenims-40-vnt","status":"publish","type":"product","link":"https:\/\/shakesnack.lt\/vilnius-moletu\/p\/p4-padeklas-4-5-asmenims-40-vnt\/","title":{"rendered":"P4. Pad\u0117klas 4-5 asmenims 40 vnt."},"content":{"rendered":"","protected":false},"excerpt":{"rendered":"<p>8 vnt. Philadelphia Sesame (su la\u0161i\u0161a)<br \/>\n8 vnt. Sakata (su krevet\u0117mis)<br \/>\n8 vnt. Canadian (su unguriu)<br \/>\n4 vnt. Sake Tempura (su la\u0161i\u0161a)<br \/>\n4 vnt. Green Sake (su austri\u0173 pada\u017eu kepta la\u0161i\u0161a)<br \/>\n4 vnt. Tekka Maguro (su tunu)<br \/>\n4 vnt. Aka (su la\u0161i\u0161a ir krevet\u0117mis)<\/p>\n","protected":false},"featured_media":48227,"template":"","meta":{"inline_featured_image":false},"product_cat":[223,45,202],"product_tag":[],"class_list":{"0":"post-48186","1":"product","2":"type-product","3":"status-publish","4":"has-post-thumbnail","6":"product_cat-sv-kaledu-ir-naujuju-metu-svenciu-meniu","7":"product_cat-padeklai","8":"product_cat-4-5-asmenims","10":"first","11":"instock","12":"taxable","13":"shipping-taxable","14":"purchasable","15":"product-type-simple"},"acf":[],"aioseo_notices":[],"_links":{"self":[{"href":"https:\/\/shakesnack.lt\/vilnius-moletu\/wp-json\/wp\/v2\/product\/48186"}],"collection":[{"href":"https:\/\/shakesnack.lt\/vilnius-moletu\/wp-json\/wp\/v2\/product"}],"about":[{"href":"https:\/\/shakesnack.lt\/vilnius-moletu\/wp-json\/wp\/v2\/types\/product"}],"wp:featuredmedia":[{"embeddable":true,"href":"https:\/\/shakesnack.lt\/vilnius-moletu\/wp-json\/wp\/v2\/media\/48227"}],"wp:attachment":[{"href":"https:\/\/shakesnack.lt\/vilnius-moletu\/wp-json\/wp\/v2\/media?parent=48186"}],"wp:term":[{"taxonomy":"product_cat","embeddable":true,"href":"https:\/\/shakesnack.lt\/vilnius-moletu\/wp-json\/wp\/v2\/product_cat?post=48186"},{"taxonomy":"product_tag","embeddable":true,"href":"https:\/\/shakesnack.lt\/vilnius-moletu\/wp-json\/wp\/v2\/product_tag?post=48186"}],"curies":[{"name":"wp","href":"https:\/\/api.w.org\/{rel}","templated":true}]}}