{"id":48160,"date":"2026-02-10T10:54:28","date_gmt":"2026-02-10T08:54:28","guid":{"rendered":"https:\/\/shakesnack.lt\/vilnius-moletu\/?post_type=product&#038;p=48160"},"modified":"2026-04-08T11:02:28","modified_gmt":"2026-04-08T08:02:28","slug":"r5-philadelphia-bundle-3-asmenims-24-vnt","status":"publish","type":"product","link":"https:\/\/shakesnack.lt\/vilnius-moletu\/p\/r5-philadelphia-bundle-3-asmenims-24-vnt\/","title":{"rendered":"R5. Philadelphia Bundle 3 asmenims 24 vnt."},"content":{"rendered":"","protected":false},"excerpt":{"rendered":"<p>8 vnt. Philadelphia Sesame (su la\u0161i\u0161a)<br \/>\n8 vnt. Philadelphia Unagi (su unguriu)<br \/>\n8 vnt. Philadelphia (su la\u0161i\u0161a ir krab\u0173 lazdel\u0117mis)<\/p>\n","protected":false},"featured_media":48202,"template":"","meta":{"inline_featured_image":false},"product_cat":[226,223,41,201],"product_tag":[],"class_list":{"0":"post-48160","1":"product","2":"type-product","3":"status-publish","4":"has-post-thumbnail","6":"product_cat-moteru-dienos-sventei","7":"product_cat-sv-kaledu-ir-naujuju-metu-svenciu-meniu","8":"product_cat-rinkiniai","9":"product_cat-rinkiniai-3-asmenims","11":"first","12":"instock","13":"taxable","14":"shipping-taxable","15":"purchasable","16":"product-type-simple"},"acf":[],"aioseo_notices":[],"_links":{"self":[{"href":"https:\/\/shakesnack.lt\/vilnius-moletu\/wp-json\/wp\/v2\/product\/48160"}],"collection":[{"href":"https:\/\/shakesnack.lt\/vilnius-moletu\/wp-json\/wp\/v2\/product"}],"about":[{"href":"https:\/\/shakesnack.lt\/vilnius-moletu\/wp-json\/wp\/v2\/types\/product"}],"wp:featuredmedia":[{"embeddable":true,"href":"https:\/\/shakesnack.lt\/vilnius-moletu\/wp-json\/wp\/v2\/media\/48202"}],"wp:attachment":[{"href":"https:\/\/shakesnack.lt\/vilnius-moletu\/wp-json\/wp\/v2\/media?parent=48160"}],"wp:term":[{"taxonomy":"product_cat","embeddable":true,"href":"https:\/\/shakesnack.lt\/vilnius-moletu\/wp-json\/wp\/v2\/product_cat?post=48160"},{"taxonomy":"product_tag","embeddable":true,"href":"https:\/\/shakesnack.lt\/vilnius-moletu\/wp-json\/wp\/v2\/product_tag?post=48160"}],"curies":[{"name":"wp","href":"https:\/\/api.w.org\/{rel}","templated":true}]}}