{"id":48107,"date":"2026-02-10T10:53:26","date_gmt":"2026-02-10T08:53:26","guid":{"rendered":"https:\/\/shakesnack.lt\/vilnius-moletu\/?post_type=product&#038;p=48107"},"modified":"2026-02-10T10:54:18","modified_gmt":"2026-02-10T08:54:18","slug":"gazuotas-mangu-sulciu-gerimas-bonsu-99-033l","status":"publish","type":"product","link":"https:\/\/shakesnack.lt\/vilnius-moletu\/p\/gazuotas-mangu-sulciu-gerimas-bonsu-99-033l\/","title":{"rendered":"Gazuotas mang\u0173 sul\u010di\u0173 g\u0117rimas BONSU (99%) 0,33L"},"content":{"rendered":"","protected":false},"excerpt":{"rendered":"","protected":false},"featured_media":48152,"template":"","meta":{"inline_featured_image":false},"product_cat":[113],"product_tag":[119],"class_list":{"0":"post-48107","1":"product","2":"type-product","3":"status-publish","4":"has-post-thumbnail","6":"product_cat-soft-drinks","7":"product_tag-pasiulymas-krepselyje","9":"first","10":"outofstock","11":"taxable","12":"shipping-taxable","13":"purchasable","14":"product-type-simple"},"acf":[],"aioseo_notices":[],"_links":{"self":[{"href":"https:\/\/shakesnack.lt\/vilnius-moletu\/wp-json\/wp\/v2\/product\/48107"}],"collection":[{"href":"https:\/\/shakesnack.lt\/vilnius-moletu\/wp-json\/wp\/v2\/product"}],"about":[{"href":"https:\/\/shakesnack.lt\/vilnius-moletu\/wp-json\/wp\/v2\/types\/product"}],"wp:featuredmedia":[{"embeddable":true,"href":"https:\/\/shakesnack.lt\/vilnius-moletu\/wp-json\/wp\/v2\/media\/48152"}],"wp:attachment":[{"href":"https:\/\/shakesnack.lt\/vilnius-moletu\/wp-json\/wp\/v2\/media?parent=48107"}],"wp:term":[{"taxonomy":"product_cat","embeddable":true,"href":"https:\/\/shakesnack.lt\/vilnius-moletu\/wp-json\/wp\/v2\/product_cat?post=48107"},{"taxonomy":"product_tag","embeddable":true,"href":"https:\/\/shakesnack.lt\/vilnius-moletu\/wp-json\/wp\/v2\/product_tag?post=48107"}],"curies":[{"name":"wp","href":"https:\/\/api.w.org\/{rel}","templated":true}]}}