{"id":48068,"date":"2026-02-10T10:52:47","date_gmt":"2026-02-10T08:52:47","guid":{"rendered":"https:\/\/shakesnack.lt\/vilnius-moletu\/?post_type=product&#038;p=48068"},"modified":"2026-02-10T11:15:22","modified_gmt":"2026-02-10T09:15:22","slug":"9-wok-su-krevetemis-saldziarugsciu-padazu-ir-kvietiniais-makaronais","status":"publish","type":"product","link":"https:\/\/shakesnack.lt\/vilnius-moletu\/p\/9-wok-su-krevetemis-saldziarugsciu-padazu-ir-kvietiniais-makaronais\/","title":{"rendered":"9. WOK SU KREVET\u0116MIS, sald\u017eiar\u016bg\u0161\u010diu pada\u017eu ir kvietiniais makaronais"},"content":{"rendered":"","protected":false},"excerpt":{"rendered":"<p>Su baltaisiais ridikais, porais, \u010desnaku, pievagrybiais, terijakiu, soj\u0173 pada\u017eu, sezamu. <\/p>\n","protected":false},"featured_media":48112,"template":"","meta":{"inline_featured_image":false},"product_cat":[224,194],"product_tag":[],"class_list":{"0":"post-48068","1":"product","2":"type-product","3":"status-publish","4":"has-post-thumbnail","6":"product_cat-wok-azijietiski-patiekalai","7":"product_cat-top-2","9":"first","10":"outofstock","11":"taxable","12":"shipping-taxable","13":"purchasable","14":"product-type-simple"},"acf":[],"aioseo_notices":[],"_links":{"self":[{"href":"https:\/\/shakesnack.lt\/vilnius-moletu\/wp-json\/wp\/v2\/product\/48068"}],"collection":[{"href":"https:\/\/shakesnack.lt\/vilnius-moletu\/wp-json\/wp\/v2\/product"}],"about":[{"href":"https:\/\/shakesnack.lt\/vilnius-moletu\/wp-json\/wp\/v2\/types\/product"}],"wp:featuredmedia":[{"embeddable":true,"href":"https:\/\/shakesnack.lt\/vilnius-moletu\/wp-json\/wp\/v2\/media\/48112"}],"wp:attachment":[{"href":"https:\/\/shakesnack.lt\/vilnius-moletu\/wp-json\/wp\/v2\/media?parent=48068"}],"wp:term":[{"taxonomy":"product_cat","embeddable":true,"href":"https:\/\/shakesnack.lt\/vilnius-moletu\/wp-json\/wp\/v2\/product_cat?post=48068"},{"taxonomy":"product_tag","embeddable":true,"href":"https:\/\/shakesnack.lt\/vilnius-moletu\/wp-json\/wp\/v2\/product_tag?post=48068"}],"curies":[{"name":"wp","href":"https:\/\/api.w.org\/{rel}","templated":true}]}}