{"id":48064,"date":"2026-02-10T10:52:44","date_gmt":"2026-02-10T08:52:44","guid":{"rendered":"https:\/\/shakesnack.lt\/vilnius-moletu\/?post_type=product&#038;p=48064"},"modified":"2026-04-07T01:00:50","modified_gmt":"2026-04-06T22:00:50","slug":"r14-yaki-ebi-tempura-3-asmenims-30-vnt-gruzdinti","status":"publish","type":"product","link":"https:\/\/shakesnack.lt\/vilnius-moletu\/p\/r14-yaki-ebi-tempura-3-asmenims-30-vnt-gruzdinti\/","title":{"rendered":"R14. Yaki Ebi Tempura 3 asmenims 30 vnt. (gruzdinti)"},"content":{"rendered":"","protected":false},"excerpt":{"rendered":"<p>30 vnt. Yaki Ebi Tempura su mang\u0173 pada\u017eu (gruzdinti su krevet\u0117mis)<\/p>\n","protected":false},"featured_media":48094,"template":"","meta":{"inline_featured_image":false},"product_cat":[223,154,151,91,192,41,201,194],"product_tag":[],"class_list":{"0":"post-48064","1":"product","2":"type-product","3":"status-publish","4":"has-post-thumbnail","6":"product_cat-sv-kaledu-ir-naujuju-metu-svenciu-meniu","7":"product_cat-naujienos-ir-spec-pasiulymai","8":"product_cat-kepti-gruzdinti","9":"product_cat-su-krevetemis","10":"product_cat-be-surio-kremo","11":"product_cat-rinkiniai","12":"product_cat-rinkiniai-3-asmenims","13":"product_cat-top-2","15":"first","16":"instock","17":"sale","18":"taxable","19":"shipping-taxable","20":"purchasable","21":"product-type-simple"},"acf":[],"aioseo_notices":[],"_links":{"self":[{"href":"https:\/\/shakesnack.lt\/vilnius-moletu\/wp-json\/wp\/v2\/product\/48064"}],"collection":[{"href":"https:\/\/shakesnack.lt\/vilnius-moletu\/wp-json\/wp\/v2\/product"}],"about":[{"href":"https:\/\/shakesnack.lt\/vilnius-moletu\/wp-json\/wp\/v2\/types\/product"}],"wp:featuredmedia":[{"embeddable":true,"href":"https:\/\/shakesnack.lt\/vilnius-moletu\/wp-json\/wp\/v2\/media\/48094"}],"wp:attachment":[{"href":"https:\/\/shakesnack.lt\/vilnius-moletu\/wp-json\/wp\/v2\/media?parent=48064"}],"wp:term":[{"taxonomy":"product_cat","embeddable":true,"href":"https:\/\/shakesnack.lt\/vilnius-moletu\/wp-json\/wp\/v2\/product_cat?post=48064"},{"taxonomy":"product_tag","embeddable":true,"href":"https:\/\/shakesnack.lt\/vilnius-moletu\/wp-json\/wp\/v2\/product_tag?post=48064"}],"curies":[{"name":"wp","href":"https:\/\/api.w.org\/{rel}","templated":true}]}}