{"id":48059,"date":"2026-02-10T10:52:41","date_gmt":"2026-02-10T08:52:41","guid":{"rendered":"https:\/\/shakesnack.lt\/vilnius-moletu\/?post_type=product&#038;p=48059"},"modified":"2026-04-19T14:20:08","modified_gmt":"2026-04-19T11:20:08","slug":"r13-sake-karaage-tempura-3-asmenims-30-vnt-gruzdinti","status":"publish","type":"product","link":"https:\/\/shakesnack.lt\/vilnius-moletu\/p\/r13-sake-karaage-tempura-3-asmenims-30-vnt-gruzdinti\/","title":{"rendered":"R13. SAKE KARAAGE TEMPURA 3 asmenims  30 vnt. (gruzdinti)"},"content":{"rendered":"","protected":false},"excerpt":{"rendered":"<p>30 vnt. Sake Karaage Tempura su KARAI pada\u017eu (kepta la\u0161i\u0161a su austri\u0173 pada\u017eu)<\/p>\n","protected":false},"featured_media":48089,"template":"","meta":{"inline_featured_image":false},"product_cat":[223,151,197,41,201,194],"product_tag":[123],"class_list":{"0":"post-48059","1":"product","2":"type-product","3":"status-publish","4":"has-post-thumbnail","6":"product_cat-sv-kaledu-ir-naujuju-metu-svenciu-meniu","7":"product_cat-kepti-gruzdinti","8":"product_cat-su-kepta-lasisa","9":"product_cat-rinkiniai","10":"product_cat-rinkiniai-3-asmenims","11":"product_cat-top-2","12":"product_tag-apkepti","14":"first","15":"instock","16":"taxable","17":"shipping-taxable","18":"purchasable","19":"product-type-simple"},"acf":[],"aioseo_notices":[],"_links":{"self":[{"href":"https:\/\/shakesnack.lt\/vilnius-moletu\/wp-json\/wp\/v2\/product\/48059"}],"collection":[{"href":"https:\/\/shakesnack.lt\/vilnius-moletu\/wp-json\/wp\/v2\/product"}],"about":[{"href":"https:\/\/shakesnack.lt\/vilnius-moletu\/wp-json\/wp\/v2\/types\/product"}],"wp:featuredmedia":[{"embeddable":true,"href":"https:\/\/shakesnack.lt\/vilnius-moletu\/wp-json\/wp\/v2\/media\/48089"}],"wp:attachment":[{"href":"https:\/\/shakesnack.lt\/vilnius-moletu\/wp-json\/wp\/v2\/media?parent=48059"}],"wp:term":[{"taxonomy":"product_cat","embeddable":true,"href":"https:\/\/shakesnack.lt\/vilnius-moletu\/wp-json\/wp\/v2\/product_cat?post=48059"},{"taxonomy":"product_tag","embeddable":true,"href":"https:\/\/shakesnack.lt\/vilnius-moletu\/wp-json\/wp\/v2\/product_tag?post=48059"}],"curies":[{"name":"wp","href":"https:\/\/api.w.org\/{rel}","templated":true}]}}