{"id":47991,"date":"2026-02-10T10:51:41","date_gmt":"2026-02-10T08:51:41","guid":{"rendered":"https:\/\/shakesnack.lt\/vilnius-moletu\/?post_type=product&#038;p=47991"},"modified":"2026-02-10T10:52:22","modified_gmt":"2026-02-10T08:52:22","slug":"traskios-krevetes-6-vnt","status":"publish","type":"product","link":"https:\/\/shakesnack.lt\/vilnius-moletu\/p\/traskios-krevetes-6-vnt\/","title":{"rendered":"Tra\u0161kios krevet\u0117s 6 vnt."},"content":{"rendered":"","protected":false},"excerpt":{"rendered":"<p>Tra\u0161kios keptos krevet\u0117s su sald\u017eiar\u016bg\u0161\u010diu aitriu pada\u017eu.<\/p>\n","protected":false},"featured_media":48036,"template":"","meta":{"inline_featured_image":false},"product_cat":[43,194],"product_tag":[],"class_list":{"0":"post-47991","1":"product","2":"type-product","3":"status-publish","4":"has-post-thumbnail","6":"product_cat-uzkandziai","7":"product_cat-top-2","9":"first","10":"instock","11":"taxable","12":"shipping-taxable","13":"purchasable","14":"product-type-simple"},"acf":[],"aioseo_notices":[],"_links":{"self":[{"href":"https:\/\/shakesnack.lt\/vilnius-moletu\/wp-json\/wp\/v2\/product\/47991"}],"collection":[{"href":"https:\/\/shakesnack.lt\/vilnius-moletu\/wp-json\/wp\/v2\/product"}],"about":[{"href":"https:\/\/shakesnack.lt\/vilnius-moletu\/wp-json\/wp\/v2\/types\/product"}],"wp:featuredmedia":[{"embeddable":true,"href":"https:\/\/shakesnack.lt\/vilnius-moletu\/wp-json\/wp\/v2\/media\/48036"}],"wp:attachment":[{"href":"https:\/\/shakesnack.lt\/vilnius-moletu\/wp-json\/wp\/v2\/media?parent=47991"}],"wp:term":[{"taxonomy":"product_cat","embeddable":true,"href":"https:\/\/shakesnack.lt\/vilnius-moletu\/wp-json\/wp\/v2\/product_cat?post=47991"},{"taxonomy":"product_tag","embeddable":true,"href":"https:\/\/shakesnack.lt\/vilnius-moletu\/wp-json\/wp\/v2\/product_tag?post=47991"}],"curies":[{"name":"wp","href":"https:\/\/api.w.org\/{rel}","templated":true}]}}