{"id":47981,"date":"2026-02-10T10:51:36","date_gmt":"2026-02-10T08:51:36","guid":{"rendered":"https:\/\/shakesnack.lt\/vilnius-moletu\/?post_type=product&#038;p=47981"},"modified":"2026-02-10T10:51:58","modified_gmt":"2026-02-10T08:51:58","slug":"r6-rinkinys-3-asmenims-26-vnt-yra-gruzdintu","status":"publish","type":"product","link":"https:\/\/shakesnack.lt\/vilnius-moletu\/p\/r6-rinkinys-3-asmenims-26-vnt-yra-gruzdintu\/","title":{"rendered":"R6. Rinkinys 3 asmenims 26 vnt. (yra gruzdint\u0173)"},"content":{"rendered":"","protected":false},"excerpt":{"rendered":"<p>4 vnt. Sake Tempura (su la\u0161i\u0161a)<br \/>\n4 vnt. Green Sake (su kepta la\u0161i\u0161a ir austri\u0173 pada\u017eu)<br \/>\n4 vnt. California (su krab\u0173 lazdel\u0117mis)<br \/>\n4 vnt. Philadelphia (su la\u0161i\u0161a ir krab\u0173 lazdel\u0117mis)<br \/>\n5 vnt. Yaki Sake Hot (gruzdinti su la\u0161i\u0161a)<br \/>\n5 vnt. Yaki Maguro (gruzdinti su tunu) <\/p>\n","protected":false},"featured_media":48010,"template":"","meta":{"inline_featured_image":false},"product_cat":[223,41,201,194],"product_tag":[],"class_list":{"0":"post-47981","1":"product","2":"type-product","3":"status-publish","4":"has-post-thumbnail","6":"product_cat-sv-kaledu-ir-naujuju-metu-svenciu-meniu","7":"product_cat-rinkiniai","8":"product_cat-rinkiniai-3-asmenims","9":"product_cat-top-2","11":"first","12":"instock","13":"taxable","14":"shipping-taxable","15":"purchasable","16":"product-type-simple"},"acf":[],"aioseo_notices":[],"_links":{"self":[{"href":"https:\/\/shakesnack.lt\/vilnius-moletu\/wp-json\/wp\/v2\/product\/47981"}],"collection":[{"href":"https:\/\/shakesnack.lt\/vilnius-moletu\/wp-json\/wp\/v2\/product"}],"about":[{"href":"https:\/\/shakesnack.lt\/vilnius-moletu\/wp-json\/wp\/v2\/types\/product"}],"wp:featuredmedia":[{"embeddable":true,"href":"https:\/\/shakesnack.lt\/vilnius-moletu\/wp-json\/wp\/v2\/media\/48010"}],"wp:attachment":[{"href":"https:\/\/shakesnack.lt\/vilnius-moletu\/wp-json\/wp\/v2\/media?parent=47981"}],"wp:term":[{"taxonomy":"product_cat","embeddable":true,"href":"https:\/\/shakesnack.lt\/vilnius-moletu\/wp-json\/wp\/v2\/product_cat?post=47981"},{"taxonomy":"product_tag","embeddable":true,"href":"https:\/\/shakesnack.lt\/vilnius-moletu\/wp-json\/wp\/v2\/product_tag?post=47981"}],"curies":[{"name":"wp","href":"https:\/\/api.w.org\/{rel}","templated":true}]}}