{"id":47979,"date":"2026-02-10T10:51:35","date_gmt":"2026-02-10T08:51:35","guid":{"rendered":"https:\/\/shakesnack.lt\/vilnius-moletu\/?post_type=product&#038;p=47979"},"modified":"2026-02-10T10:51:56","modified_gmt":"2026-02-10T08:51:56","slug":"r1-rinkinys-1-asmeniui-8-vnt","status":"publish","type":"product","link":"https:\/\/shakesnack.lt\/vilnius-moletu\/p\/r1-rinkinys-1-asmeniui-8-vnt\/","title":{"rendered":"R1. Rinkinys 1 asmeniui 8 vnt."},"content":{"rendered":"","protected":false},"excerpt":{"rendered":"<p>4 vnt. Sake Tempura (su la\u0161i\u0161a)<br \/>\n4 vnt. Philadelphia (su la\u0161i\u0161a ir krab\u0173 lazdel\u0117mis)<\/p>\n","protected":false},"featured_media":48008,"template":"","meta":{"inline_featured_image":false},"product_cat":[41,199],"product_tag":[],"class_list":{"0":"post-47979","1":"product","2":"type-product","3":"status-publish","4":"has-post-thumbnail","6":"product_cat-rinkiniai","7":"product_cat-rinkiniai-1-asmeniui","9":"first","10":"instock","11":"taxable","12":"shipping-taxable","13":"purchasable","14":"product-type-simple"},"acf":[],"aioseo_notices":[],"_links":{"self":[{"href":"https:\/\/shakesnack.lt\/vilnius-moletu\/wp-json\/wp\/v2\/product\/47979"}],"collection":[{"href":"https:\/\/shakesnack.lt\/vilnius-moletu\/wp-json\/wp\/v2\/product"}],"about":[{"href":"https:\/\/shakesnack.lt\/vilnius-moletu\/wp-json\/wp\/v2\/types\/product"}],"wp:featuredmedia":[{"embeddable":true,"href":"https:\/\/shakesnack.lt\/vilnius-moletu\/wp-json\/wp\/v2\/media\/48008"}],"wp:attachment":[{"href":"https:\/\/shakesnack.lt\/vilnius-moletu\/wp-json\/wp\/v2\/media?parent=47979"}],"wp:term":[{"taxonomy":"product_cat","embeddable":true,"href":"https:\/\/shakesnack.lt\/vilnius-moletu\/wp-json\/wp\/v2\/product_cat?post=47979"},{"taxonomy":"product_tag","embeddable":true,"href":"https:\/\/shakesnack.lt\/vilnius-moletu\/wp-json\/wp\/v2\/product_tag?post=47979"}],"curies":[{"name":"wp","href":"https:\/\/api.w.org\/{rel}","templated":true}]}}