{"id":717,"date":"2021-02-25T17:39:05","date_gmt":"2021-02-25T15:39:05","guid":{"rendered":"https:\/\/shakesnack.lt\/vilnius-gedimino\/p\/import-placeholder-for-769\/"},"modified":"2022-09-01T14:36:21","modified_gmt":"2022-09-01T11:36:21","slug":"willm-cremant-dalsace-brut-0-75l-sausas-12","status":"publish","type":"product","link":"https:\/\/shakesnack.lt\/vilnius-gedimino\/p\/willm-cremant-dalsace-brut-0-75l-sausas-12\/","title":{"rendered":"WILLM CREMANT D&#8217;ALSACE BRUT 0.75L (sausas, 12%)"},"content":{"rendered":"","protected":false},"excerpt":{"rendered":"<p><strong><em>Pranc\u016bzija, Elzasas. <\/em><\/strong><em>Chenin, Chardonnay<\/em><\/p>\n<p><em>Persik\u0173 ir abrikos\u0173 aromatas. Tai pilno k\u016bno, gerai subalansuotas<\/em><\/p>\n<p><em>ir intensyvus Cremant\u2019as. Vyndario \u017eod\u017eiais, \u0161is vynas \u2013 tarsi \u201elyrika\u201c&#8230;<\/em><\/p>\n","protected":false},"featured_media":743,"template":"","meta":{"inline_featured_image":false},"product_cat":[172,173,182],"product_tag":[155],"class_list":{"0":"post-717","1":"product","2":"type-product","3":"status-publish","4":"has-post-thumbnail","6":"product_cat-nealkoholiniai-ir-alkoholiniai-gerimai","7":"product_cat-alkoholis-nealkoholiniai-ir-alkoholiniai-gerimai","8":"product_cat-vynai-putojantys-ir-sampanas","9":"product_tag-yra-alkoholio","11":"first","12":"outofstock","13":"taxable","14":"shipping-taxable","15":"product-type-simple"},"acf":[],"aioseo_notices":[],"_links":{"self":[{"href":"https:\/\/shakesnack.lt\/vilnius-gedimino\/wp-json\/wp\/v2\/product\/717"}],"collection":[{"href":"https:\/\/shakesnack.lt\/vilnius-gedimino\/wp-json\/wp\/v2\/product"}],"about":[{"href":"https:\/\/shakesnack.lt\/vilnius-gedimino\/wp-json\/wp\/v2\/types\/product"}],"wp:featuredmedia":[{"embeddable":true,"href":"https:\/\/shakesnack.lt\/vilnius-gedimino\/wp-json\/wp\/v2\/media\/743"}],"wp:attachment":[{"href":"https:\/\/shakesnack.lt\/vilnius-gedimino\/wp-json\/wp\/v2\/media?parent=717"}],"wp:term":[{"taxonomy":"product_cat","embeddable":true,"href":"https:\/\/shakesnack.lt\/vilnius-gedimino\/wp-json\/wp\/v2\/product_cat?post=717"},{"taxonomy":"product_tag","embeddable":true,"href":"https:\/\/shakesnack.lt\/vilnius-gedimino\/wp-json\/wp\/v2\/product_tag?post=717"}],"curies":[{"name":"wp","href":"https:\/\/api.w.org\/{rel}","templated":true}]}}