{"id":716,"date":"2021-02-25T17:39:05","date_gmt":"2021-02-25T15:39:05","guid":{"rendered":"https:\/\/shakesnack.lt\/vilnius-gedimino\/p\/import-placeholder-for-767\/"},"modified":"2022-09-01T14:02:20","modified_gmt":"2022-09-01T11:02:20","slug":"martini-prosecco-d-o-c-0-75l-sausas-11-5","status":"publish","type":"product","link":"https:\/\/shakesnack.lt\/vilnius-gedimino\/p\/martini-prosecco-d-o-c-0-75l-sausas-11-5\/","title":{"rendered":"MARTINI PROSECCO D.O.C. 0.75L (sausas, 11.5%)"},"content":{"rendered":"","protected":false},"excerpt":{"rendered":"<p><strong><em>Italija, Venetas. <\/em><\/strong><em>Glera<\/em><\/p>\n<p><em>\u0160vie\u017eias g\u0117li\u0173 ir vaisi\u0173 aromatas, su ry\u0161kiomis obuoli\u0173, kriau\u0161i\u0173, <\/em><\/p>\n<p><em>banan\u0173 ir kmyn\u0173 natomis.\u00a0 Skonis sausas, bet tuo pa\u010diu vaisi\u0161kas, <\/em><\/p>\n<p><em>su juntamomis persik\u0173 ir mandarin\u0173 u\u017euominomis.<\/em><\/p>\n","protected":false},"featured_media":742,"template":"","meta":{"inline_featured_image":false},"product_cat":[172,173,182],"product_tag":[155],"class_list":{"0":"post-716","1":"product","2":"type-product","3":"status-publish","4":"has-post-thumbnail","6":"product_cat-nealkoholiniai-ir-alkoholiniai-gerimai","7":"product_cat-alkoholis-nealkoholiniai-ir-alkoholiniai-gerimai","8":"product_cat-vynai-putojantys-ir-sampanas","9":"product_tag-yra-alkoholio","11":"first","12":"outofstock","13":"taxable","14":"shipping-taxable","15":"product-type-simple"},"acf":[],"aioseo_notices":[],"_links":{"self":[{"href":"https:\/\/shakesnack.lt\/vilnius-gedimino\/wp-json\/wp\/v2\/product\/716"}],"collection":[{"href":"https:\/\/shakesnack.lt\/vilnius-gedimino\/wp-json\/wp\/v2\/product"}],"about":[{"href":"https:\/\/shakesnack.lt\/vilnius-gedimino\/wp-json\/wp\/v2\/types\/product"}],"wp:featuredmedia":[{"embeddable":true,"href":"https:\/\/shakesnack.lt\/vilnius-gedimino\/wp-json\/wp\/v2\/media\/742"}],"wp:attachment":[{"href":"https:\/\/shakesnack.lt\/vilnius-gedimino\/wp-json\/wp\/v2\/media?parent=716"}],"wp:term":[{"taxonomy":"product_cat","embeddable":true,"href":"https:\/\/shakesnack.lt\/vilnius-gedimino\/wp-json\/wp\/v2\/product_cat?post=716"},{"taxonomy":"product_tag","embeddable":true,"href":"https:\/\/shakesnack.lt\/vilnius-gedimino\/wp-json\/wp\/v2\/product_tag?post=716"}],"curies":[{"name":"wp","href":"https:\/\/api.w.org\/{rel}","templated":true}]}}