{"id":713,"date":"2021-02-25T17:39:04","date_gmt":"2021-02-25T15:39:04","guid":{"rendered":"https:\/\/shakesnack.lt\/vilnius-gedimino\/p\/import-placeholder-for-760\/"},"modified":"2022-09-01T13:47:18","modified_gmt":"2022-09-01T10:47:18","slug":"deutz-brut-classic-champagne-0-75l-sausas-12","status":"publish","type":"product","link":"https:\/\/shakesnack.lt\/vilnius-gedimino\/p\/deutz-brut-classic-champagne-0-75l-sausas-12\/","title":{"rendered":"DEUTZ BRUT CLASSIC CHAMPAGNE 0.75L (sausas, 12%)"},"content":{"rendered":"","protected":false},"excerpt":{"rendered":"<p><strong><em>Pranc\u016bzija,<\/em><\/strong> <strong><em>Champan\u0117.<\/em><\/strong><em> Pinot Noir, Pinot Meunier, Chardonnay<\/em><\/p>\n<p><em>Kvapuose persipina g\u0117li\u0173, vaisi\u0173 ir obel\u0173 \u017eied\u0173 aromatai. Vyrauja <\/em><\/p>\n<p><em>vaisi\u0161kumas, persik\u0173 natos ir minerali\u0161kumas.<\/em><\/p>\n","protected":false},"featured_media":739,"template":"","meta":{"inline_featured_image":false},"product_cat":[172,173,182],"product_tag":[155],"class_list":{"0":"post-713","1":"product","2":"type-product","3":"status-publish","4":"has-post-thumbnail","6":"product_cat-nealkoholiniai-ir-alkoholiniai-gerimai","7":"product_cat-alkoholis-nealkoholiniai-ir-alkoholiniai-gerimai","8":"product_cat-vynai-putojantys-ir-sampanas","9":"product_tag-yra-alkoholio","11":"first","12":"outofstock","13":"taxable","14":"shipping-taxable","15":"product-type-simple"},"acf":[],"aioseo_notices":[],"_links":{"self":[{"href":"https:\/\/shakesnack.lt\/vilnius-gedimino\/wp-json\/wp\/v2\/product\/713"}],"collection":[{"href":"https:\/\/shakesnack.lt\/vilnius-gedimino\/wp-json\/wp\/v2\/product"}],"about":[{"href":"https:\/\/shakesnack.lt\/vilnius-gedimino\/wp-json\/wp\/v2\/types\/product"}],"wp:featuredmedia":[{"embeddable":true,"href":"https:\/\/shakesnack.lt\/vilnius-gedimino\/wp-json\/wp\/v2\/media\/739"}],"wp:attachment":[{"href":"https:\/\/shakesnack.lt\/vilnius-gedimino\/wp-json\/wp\/v2\/media?parent=713"}],"wp:term":[{"taxonomy":"product_cat","embeddable":true,"href":"https:\/\/shakesnack.lt\/vilnius-gedimino\/wp-json\/wp\/v2\/product_cat?post=713"},{"taxonomy":"product_tag","embeddable":true,"href":"https:\/\/shakesnack.lt\/vilnius-gedimino\/wp-json\/wp\/v2\/product_tag?post=713"}],"curies":[{"name":"wp","href":"https:\/\/api.w.org\/{rel}","templated":true}]}}