{"id":712,"date":"2021-02-25T17:39:04","date_gmt":"2021-02-25T15:39:04","guid":{"rendered":"https:\/\/shakesnack.lt\/vilnius-gedimino\/p\/import-placeholder-for-758\/"},"modified":"2022-09-01T14:22:52","modified_gmt":"2022-09-01T11:22:52","slug":"sauvon-rose-danjou-0-75l-sausas-11","status":"publish","type":"product","link":"https:\/\/shakesnack.lt\/vilnius-gedimino\/p\/sauvon-rose-danjou-0-75l-sausas-11\/","title":{"rendered":"SAUVON ROSE D&#8217;ANJOU 0.75L (sausas, 11%)"},"content":{"rendered":"","protected":false},"excerpt":{"rendered":"<p><em><strong>Pranc\u016bzija, Luaros regionas<\/strong><\/em><\/p>\n<p><em>Koral\u0173 rausvumo spalvos, kvapuose juntamos persik\u0173, vy\u0161ni\u0173 ir bra\u0161ki\u0173 natos. Skonis \u0161velnus ir gerai subalansuotas.<\/em><\/p>\n","protected":false},"featured_media":738,"template":"","meta":{"inline_featured_image":false},"product_cat":[172,173,181],"product_tag":[155],"class_list":{"0":"post-712","1":"product","2":"type-product","3":"status-publish","4":"has-post-thumbnail","6":"product_cat-nealkoholiniai-ir-alkoholiniai-gerimai","7":"product_cat-alkoholis-nealkoholiniai-ir-alkoholiniai-gerimai","8":"product_cat-vynai-roziniai-alkoholis-nealkoholiniai-ir-alkoholiniai-gerimai","9":"product_tag-yra-alkoholio","11":"first","12":"outofstock","13":"taxable","14":"shipping-taxable","15":"product-type-simple"},"acf":[],"aioseo_notices":[],"_links":{"self":[{"href":"https:\/\/shakesnack.lt\/vilnius-gedimino\/wp-json\/wp\/v2\/product\/712"}],"collection":[{"href":"https:\/\/shakesnack.lt\/vilnius-gedimino\/wp-json\/wp\/v2\/product"}],"about":[{"href":"https:\/\/shakesnack.lt\/vilnius-gedimino\/wp-json\/wp\/v2\/types\/product"}],"wp:featuredmedia":[{"embeddable":true,"href":"https:\/\/shakesnack.lt\/vilnius-gedimino\/wp-json\/wp\/v2\/media\/738"}],"wp:attachment":[{"href":"https:\/\/shakesnack.lt\/vilnius-gedimino\/wp-json\/wp\/v2\/media?parent=712"}],"wp:term":[{"taxonomy":"product_cat","embeddable":true,"href":"https:\/\/shakesnack.lt\/vilnius-gedimino\/wp-json\/wp\/v2\/product_cat?post=712"},{"taxonomy":"product_tag","embeddable":true,"href":"https:\/\/shakesnack.lt\/vilnius-gedimino\/wp-json\/wp\/v2\/product_tag?post=712"}],"curies":[{"name":"wp","href":"https:\/\/api.w.org\/{rel}","templated":true}]}}