{"id":711,"date":"2021-02-25T17:39:04","date_gmt":"2021-02-25T15:39:04","guid":{"rendered":"https:\/\/shakesnack.lt\/vilnius-gedimino\/p\/import-placeholder-for-756\/"},"modified":"2022-09-01T13:40:52","modified_gmt":"2022-09-01T10:40:52","slug":"aromatizuotas-vyno-gerimas-vana-tallinn-glogi-0-7l-12","status":"publish","type":"product","link":"https:\/\/shakesnack.lt\/vilnius-gedimino\/p\/aromatizuotas-vyno-gerimas-vana-tallinn-glogi-0-7l-12\/","title":{"rendered":"Aromatizuotas vyno g\u0117rimas VANA TALLINN GLOGI 0.7L (12%)"},"content":{"rendered":"","protected":false},"excerpt":{"rendered":"<p>VANA TALLINN Gl\u00f6gi \u00a0&#8211; tradicinis kar\u0161tas vyno g\u0117rimas Skandinavijos \u0161alyse, praturtintas \u201eVana Tallinn\u201c likeriu, puikiai tinkantis \u017evarbiais \u017eiemos vakarais bei derantis prie saldumyn\u0173.<\/p>\n<p>VANA TALLINN Gl\u00f6gi pagamintas i\u0161 kokybi\u0161ko raudono vyno ir legendinio \u201eVana Tallinn\u201c likerio. I\u0161siskiria pikanti\u0161ku raudono vyno aromatu su \u0161ilt\u0173 prieskoni\u0173 ir romo u\u017euominomis.<\/p>\n","protected":false},"featured_media":737,"template":"","meta":{"inline_featured_image":false},"product_cat":[172,173,180],"product_tag":[155],"class_list":{"0":"post-711","1":"product","2":"type-product","3":"status-publish","4":"has-post-thumbnail","6":"product_cat-nealkoholiniai-ir-alkoholiniai-gerimai","7":"product_cat-alkoholis-nealkoholiniai-ir-alkoholiniai-gerimai","8":"product_cat-vynai-raudonieji-alkoholis-nealkoholiniai-ir-alkoholiniai-gerimai","9":"product_tag-yra-alkoholio","11":"first","12":"outofstock","13":"taxable","14":"shipping-taxable","15":"product-type-simple"},"acf":[],"aioseo_notices":[],"_links":{"self":[{"href":"https:\/\/shakesnack.lt\/vilnius-gedimino\/wp-json\/wp\/v2\/product\/711"}],"collection":[{"href":"https:\/\/shakesnack.lt\/vilnius-gedimino\/wp-json\/wp\/v2\/product"}],"about":[{"href":"https:\/\/shakesnack.lt\/vilnius-gedimino\/wp-json\/wp\/v2\/types\/product"}],"wp:featuredmedia":[{"embeddable":true,"href":"https:\/\/shakesnack.lt\/vilnius-gedimino\/wp-json\/wp\/v2\/media\/737"}],"wp:attachment":[{"href":"https:\/\/shakesnack.lt\/vilnius-gedimino\/wp-json\/wp\/v2\/media?parent=711"}],"wp:term":[{"taxonomy":"product_cat","embeddable":true,"href":"https:\/\/shakesnack.lt\/vilnius-gedimino\/wp-json\/wp\/v2\/product_cat?post=711"},{"taxonomy":"product_tag","embeddable":true,"href":"https:\/\/shakesnack.lt\/vilnius-gedimino\/wp-json\/wp\/v2\/product_tag?post=711"}],"curies":[{"name":"wp","href":"https:\/\/api.w.org\/{rel}","templated":true}]}}