{"id":709,"date":"2021-02-25T17:39:04","date_gmt":"2021-02-25T15:39:04","guid":{"rendered":"https:\/\/shakesnack.lt\/vilnius-gedimino\/p\/import-placeholder-for-752\/"},"modified":"2022-09-01T14:05:17","modified_gmt":"2022-09-01T11:05:17","slug":"murviedro-sericis-cepas-viejas-monastrell-0-75l-sausas-14","status":"publish","type":"product","link":"https:\/\/shakesnack.lt\/vilnius-gedimino\/p\/murviedro-sericis-cepas-viejas-monastrell-0-75l-sausas-14\/","title":{"rendered":"MURVIEDRO SERICIS CEPAS VIEJAS MONASTRELL 0.75L (sausas, 14%)"},"content":{"rendered":"","protected":false},"excerpt":{"rendered":"<p><strong><em>DOP ALICANTE <\/em><\/strong><em>(sausas, 14%)<\/em><\/p>\n<p><strong><em>Ispanija, Valensija. <\/em><\/strong><em>Monastrell<\/em><\/p>\n<p><em>Gil\u016bs uog\u0173 ir vanil\u0117s aromatai. Burnoje juntami brand\u016bs tonai su ilgai trunkan\u010diu poskoniu.<\/em><\/p>\n","protected":false},"featured_media":735,"template":"","meta":{"inline_featured_image":false},"product_cat":[172,173,180],"product_tag":[155],"class_list":{"0":"post-709","1":"product","2":"type-product","3":"status-publish","4":"has-post-thumbnail","6":"product_cat-nealkoholiniai-ir-alkoholiniai-gerimai","7":"product_cat-alkoholis-nealkoholiniai-ir-alkoholiniai-gerimai","8":"product_cat-vynai-raudonieji-alkoholis-nealkoholiniai-ir-alkoholiniai-gerimai","9":"product_tag-yra-alkoholio","11":"first","12":"outofstock","13":"taxable","14":"shipping-taxable","15":"product-type-simple"},"acf":[],"aioseo_notices":[],"_links":{"self":[{"href":"https:\/\/shakesnack.lt\/vilnius-gedimino\/wp-json\/wp\/v2\/product\/709"}],"collection":[{"href":"https:\/\/shakesnack.lt\/vilnius-gedimino\/wp-json\/wp\/v2\/product"}],"about":[{"href":"https:\/\/shakesnack.lt\/vilnius-gedimino\/wp-json\/wp\/v2\/types\/product"}],"wp:featuredmedia":[{"embeddable":true,"href":"https:\/\/shakesnack.lt\/vilnius-gedimino\/wp-json\/wp\/v2\/media\/735"}],"wp:attachment":[{"href":"https:\/\/shakesnack.lt\/vilnius-gedimino\/wp-json\/wp\/v2\/media?parent=709"}],"wp:term":[{"taxonomy":"product_cat","embeddable":true,"href":"https:\/\/shakesnack.lt\/vilnius-gedimino\/wp-json\/wp\/v2\/product_cat?post=709"},{"taxonomy":"product_tag","embeddable":true,"href":"https:\/\/shakesnack.lt\/vilnius-gedimino\/wp-json\/wp\/v2\/product_tag?post=709"}],"curies":[{"name":"wp","href":"https:\/\/api.w.org\/{rel}","templated":true}]}}