{"id":707,"date":"2021-02-25T17:39:04","date_gmt":"2021-02-25T15:39:04","guid":{"rendered":"https:\/\/shakesnack.lt\/vilnius-gedimino\/p\/import-placeholder-for-748\/"},"modified":"2022-09-01T13:50:20","modified_gmt":"2022-09-01T10:50:20","slug":"geyser-peak-zinfandel-0-75l-sausas-14","status":"publish","type":"product","link":"https:\/\/shakesnack.lt\/vilnius-gedimino\/p\/geyser-peak-zinfandel-0-75l-sausas-14\/","title":{"rendered":"GEYSER PEAK ZINFANDEL 0.75L (sausas, 14%)"},"content":{"rendered":"","protected":false},"excerpt":{"rendered":"<p><strong><em>JAV, Kalifornija. <\/em><\/strong><em>Zinfandel<\/em><\/p>\n<p><em>Aromate susipina d\u017eemi\u0161ki vy\u0161ni\u0173 tonai su vanil\u0117s ir kokoso natomis.<\/em><\/p>\n","protected":false},"featured_media":733,"template":"","meta":{"inline_featured_image":false},"product_cat":[172,173,180],"product_tag":[155],"class_list":{"0":"post-707","1":"product","2":"type-product","3":"status-publish","4":"has-post-thumbnail","6":"product_cat-nealkoholiniai-ir-alkoholiniai-gerimai","7":"product_cat-alkoholis-nealkoholiniai-ir-alkoholiniai-gerimai","8":"product_cat-vynai-raudonieji-alkoholis-nealkoholiniai-ir-alkoholiniai-gerimai","9":"product_tag-yra-alkoholio","11":"first","12":"outofstock","13":"taxable","14":"shipping-taxable","15":"product-type-simple"},"acf":[],"aioseo_notices":[],"_links":{"self":[{"href":"https:\/\/shakesnack.lt\/vilnius-gedimino\/wp-json\/wp\/v2\/product\/707"}],"collection":[{"href":"https:\/\/shakesnack.lt\/vilnius-gedimino\/wp-json\/wp\/v2\/product"}],"about":[{"href":"https:\/\/shakesnack.lt\/vilnius-gedimino\/wp-json\/wp\/v2\/types\/product"}],"wp:featuredmedia":[{"embeddable":true,"href":"https:\/\/shakesnack.lt\/vilnius-gedimino\/wp-json\/wp\/v2\/media\/733"}],"wp:attachment":[{"href":"https:\/\/shakesnack.lt\/vilnius-gedimino\/wp-json\/wp\/v2\/media?parent=707"}],"wp:term":[{"taxonomy":"product_cat","embeddable":true,"href":"https:\/\/shakesnack.lt\/vilnius-gedimino\/wp-json\/wp\/v2\/product_cat?post=707"},{"taxonomy":"product_tag","embeddable":true,"href":"https:\/\/shakesnack.lt\/vilnius-gedimino\/wp-json\/wp\/v2\/product_tag?post=707"}],"curies":[{"name":"wp","href":"https:\/\/api.w.org\/{rel}","templated":true}]}}