{"id":704,"date":"2021-02-25T17:39:04","date_gmt":"2021-02-25T15:39:04","guid":{"rendered":"https:\/\/shakesnack.lt\/vilnius-gedimino\/p\/import-placeholder-for-742\/"},"modified":"2022-09-01T13:44:49","modified_gmt":"2022-09-01T10:44:49","slug":"cantina-tollo-valle-doro-montepulciano-0-75l-sausas-13","status":"publish","type":"product","link":"https:\/\/shakesnack.lt\/vilnius-gedimino\/p\/cantina-tollo-valle-doro-montepulciano-0-75l-sausas-13\/","title":{"rendered":"CANTINA TOLLO VALLE D&#8217;ORO MONTEPULCIANO 0.75L (sausas, 13%)"},"content":{"rendered":"","protected":false},"excerpt":{"rendered":"<p><strong><em>Italija, Abruzzo. <\/em><\/strong><em>Montepulciano<\/em><\/p>\n<p><em>Aromatuose juntami prinok\u0119 raudonieji vaisiai, gvazdik\u0117liai, vanil\u0117. <\/em><\/p>\n<p><em>Pilno k\u016bno vynas su mink\u0161tais taninais. Poskon\u012f vainikuoja saldymed\u017eio natos.<\/em><\/p>\n","protected":false},"featured_media":730,"template":"","meta":{"inline_featured_image":false},"product_cat":[172,173,180],"product_tag":[155],"class_list":{"0":"post-704","1":"product","2":"type-product","3":"status-publish","4":"has-post-thumbnail","6":"product_cat-nealkoholiniai-ir-alkoholiniai-gerimai","7":"product_cat-alkoholis-nealkoholiniai-ir-alkoholiniai-gerimai","8":"product_cat-vynai-raudonieji-alkoholis-nealkoholiniai-ir-alkoholiniai-gerimai","9":"product_tag-yra-alkoholio","11":"first","12":"outofstock","13":"taxable","14":"shipping-taxable","15":"product-type-simple"},"acf":[],"aioseo_notices":[],"_links":{"self":[{"href":"https:\/\/shakesnack.lt\/vilnius-gedimino\/wp-json\/wp\/v2\/product\/704"}],"collection":[{"href":"https:\/\/shakesnack.lt\/vilnius-gedimino\/wp-json\/wp\/v2\/product"}],"about":[{"href":"https:\/\/shakesnack.lt\/vilnius-gedimino\/wp-json\/wp\/v2\/types\/product"}],"wp:featuredmedia":[{"embeddable":true,"href":"https:\/\/shakesnack.lt\/vilnius-gedimino\/wp-json\/wp\/v2\/media\/730"}],"wp:attachment":[{"href":"https:\/\/shakesnack.lt\/vilnius-gedimino\/wp-json\/wp\/v2\/media?parent=704"}],"wp:term":[{"taxonomy":"product_cat","embeddable":true,"href":"https:\/\/shakesnack.lt\/vilnius-gedimino\/wp-json\/wp\/v2\/product_cat?post=704"},{"taxonomy":"product_tag","embeddable":true,"href":"https:\/\/shakesnack.lt\/vilnius-gedimino\/wp-json\/wp\/v2\/product_tag?post=704"}],"curies":[{"name":"wp","href":"https:\/\/api.w.org\/{rel}","templated":true}]}}