{"id":701,"date":"2021-02-25T17:39:04","date_gmt":"2021-02-25T15:39:04","guid":{"rendered":"https:\/\/shakesnack.lt\/vilnius-gedimino\/p\/import-placeholder-for-731\/"},"modified":"2022-09-01T14:05:10","modified_gmt":"2022-09-01T11:05:10","slug":"murviedro-galeam-dry-muscat-organic-0-75l-sausas-115","status":"publish","type":"product","link":"https:\/\/shakesnack.lt\/vilnius-gedimino\/p\/murviedro-galeam-dry-muscat-organic-0-75l-sausas-115\/","title":{"rendered":"MURVIEDRO GALEAM DRY MUSCAT ORGANIC 0.75L (sausas, 11,5%)"},"content":{"rendered":"","protected":false},"excerpt":{"rendered":"<p><strong><em>Ispanija, Valensija. <\/em><\/strong><em>Muscat<\/em><\/p>\n<p><em>Vynas i\u0161siskiria g\u0117li\u0161kais aromatais, liep\u0173 ir citrusini\u0173 vaisi\u0173 natomis. Skonyje atsiskleid\u017eia vyno minerali\u0161kumas, d\u017eiovint\u0173 persik\u0173, kriau\u0161i\u0173 ir migdol\u0173 tonai.<\/em><\/p>\n","protected":false},"featured_media":727,"template":"","meta":{"inline_featured_image":false},"product_cat":[172,173,179],"product_tag":[155],"class_list":{"0":"post-701","1":"product","2":"type-product","3":"status-publish","4":"has-post-thumbnail","6":"product_cat-nealkoholiniai-ir-alkoholiniai-gerimai","7":"product_cat-alkoholis-nealkoholiniai-ir-alkoholiniai-gerimai","8":"product_cat-vynai-baltieji-alkoholis-nealkoholiniai-ir-alkoholiniai-gerimai","9":"product_tag-yra-alkoholio","11":"first","12":"outofstock","13":"taxable","14":"shipping-taxable","15":"product-type-simple"},"acf":[],"aioseo_notices":[],"_links":{"self":[{"href":"https:\/\/shakesnack.lt\/vilnius-gedimino\/wp-json\/wp\/v2\/product\/701"}],"collection":[{"href":"https:\/\/shakesnack.lt\/vilnius-gedimino\/wp-json\/wp\/v2\/product"}],"about":[{"href":"https:\/\/shakesnack.lt\/vilnius-gedimino\/wp-json\/wp\/v2\/types\/product"}],"wp:featuredmedia":[{"embeddable":true,"href":"https:\/\/shakesnack.lt\/vilnius-gedimino\/wp-json\/wp\/v2\/media\/727"}],"wp:attachment":[{"href":"https:\/\/shakesnack.lt\/vilnius-gedimino\/wp-json\/wp\/v2\/media?parent=701"}],"wp:term":[{"taxonomy":"product_cat","embeddable":true,"href":"https:\/\/shakesnack.lt\/vilnius-gedimino\/wp-json\/wp\/v2\/product_cat?post=701"},{"taxonomy":"product_tag","embeddable":true,"href":"https:\/\/shakesnack.lt\/vilnius-gedimino\/wp-json\/wp\/v2\/product_tag?post=701"}],"curies":[{"name":"wp","href":"https:\/\/api.w.org\/{rel}","templated":true}]}}