{"id":700,"date":"2021-02-25T17:39:04","date_gmt":"2021-02-25T15:39:04","guid":{"rendered":"https:\/\/shakesnack.lt\/vilnius-gedimino\/p\/import-placeholder-for-729\/"},"modified":"2022-09-01T14:01:47","modified_gmt":"2022-09-01T11:01:47","slug":"marques-de-caseres-albarino-0-75l-sausas-12","status":"publish","type":"product","link":"https:\/\/shakesnack.lt\/vilnius-gedimino\/p\/marques-de-caseres-albarino-0-75l-sausas-12\/","title":{"rendered":"MARQUES DE CASERES ALBARINO 0.75L (sausas, 12%)"},"content":{"rendered":"","protected":false},"excerpt":{"rendered":"<p><strong><em>Ispanija, Rias Baixas. <\/em><\/strong><em>Albarino<\/em><\/p>\n<p><em>G\u0117li\u0161ki, citrusini\u0173 vaisi\u0173 tonai su mineralin\u0117mis natomis. <\/em><\/p>\n<p><em>Burnoje labai sultingas vynas su ilgu vaisi\u0161ku poskoniu.<\/em><\/p>\n","protected":false},"featured_media":726,"template":"","meta":{"inline_featured_image":false},"product_cat":[172,173,179],"product_tag":[155],"class_list":{"0":"post-700","1":"product","2":"type-product","3":"status-publish","4":"has-post-thumbnail","6":"product_cat-nealkoholiniai-ir-alkoholiniai-gerimai","7":"product_cat-alkoholis-nealkoholiniai-ir-alkoholiniai-gerimai","8":"product_cat-vynai-baltieji-alkoholis-nealkoholiniai-ir-alkoholiniai-gerimai","9":"product_tag-yra-alkoholio","11":"first","12":"outofstock","13":"taxable","14":"shipping-taxable","15":"product-type-simple"},"acf":[],"aioseo_notices":[],"_links":{"self":[{"href":"https:\/\/shakesnack.lt\/vilnius-gedimino\/wp-json\/wp\/v2\/product\/700"}],"collection":[{"href":"https:\/\/shakesnack.lt\/vilnius-gedimino\/wp-json\/wp\/v2\/product"}],"about":[{"href":"https:\/\/shakesnack.lt\/vilnius-gedimino\/wp-json\/wp\/v2\/types\/product"}],"wp:featuredmedia":[{"embeddable":true,"href":"https:\/\/shakesnack.lt\/vilnius-gedimino\/wp-json\/wp\/v2\/media\/726"}],"wp:attachment":[{"href":"https:\/\/shakesnack.lt\/vilnius-gedimino\/wp-json\/wp\/v2\/media?parent=700"}],"wp:term":[{"taxonomy":"product_cat","embeddable":true,"href":"https:\/\/shakesnack.lt\/vilnius-gedimino\/wp-json\/wp\/v2\/product_cat?post=700"},{"taxonomy":"product_tag","embeddable":true,"href":"https:\/\/shakesnack.lt\/vilnius-gedimino\/wp-json\/wp\/v2\/product_tag?post=700"}],"curies":[{"name":"wp","href":"https:\/\/api.w.org\/{rel}","templated":true}]}}