{"id":670,"date":"2021-02-25T17:38:51","date_gmt":"2021-02-25T15:38:51","guid":{"rendered":"https:\/\/shakesnack.lt\/vilnius-gedimino\/p\/import-placeholder-for-727\/"},"modified":"2022-09-01T13:59:50","modified_gmt":"2022-09-01T10:59:50","slug":"louis-jadot-chablis-0-75l-sausas-13","status":"publish","type":"product","link":"https:\/\/shakesnack.lt\/vilnius-gedimino\/p\/louis-jadot-chablis-0-75l-sausas-13\/","title":{"rendered":"LOUIS JADOT Chablis 0.75L (sausas, 13%)"},"content":{"rendered":"","protected":false},"excerpt":{"rendered":"<p><strong><em>Pranc\u016bzija, Burgundija<\/em><\/strong><em>. Chardonnay<\/em><\/p>\n<p><em>Aukso geltonumo spalvos, <\/em><em>dominuoja obuoli\u0173 ir greipfruto aromatai. <\/em><\/p>\n<p><em>Skonyje juntama vanil\u0117 su ilgai i\u0161liekan\u010diu vaisiniu poskoniu.<\/em><\/p>\n","protected":false},"featured_media":699,"template":"","meta":{"inline_featured_image":false},"product_cat":[172,173,179],"product_tag":[155],"class_list":{"0":"post-670","1":"product","2":"type-product","3":"status-publish","4":"has-post-thumbnail","6":"product_cat-nealkoholiniai-ir-alkoholiniai-gerimai","7":"product_cat-alkoholis-nealkoholiniai-ir-alkoholiniai-gerimai","8":"product_cat-vynai-baltieji-alkoholis-nealkoholiniai-ir-alkoholiniai-gerimai","9":"product_tag-yra-alkoholio","11":"first","12":"outofstock","13":"taxable","14":"shipping-taxable","15":"product-type-simple"},"acf":[],"aioseo_notices":[],"_links":{"self":[{"href":"https:\/\/shakesnack.lt\/vilnius-gedimino\/wp-json\/wp\/v2\/product\/670"}],"collection":[{"href":"https:\/\/shakesnack.lt\/vilnius-gedimino\/wp-json\/wp\/v2\/product"}],"about":[{"href":"https:\/\/shakesnack.lt\/vilnius-gedimino\/wp-json\/wp\/v2\/types\/product"}],"wp:featuredmedia":[{"embeddable":true,"href":"https:\/\/shakesnack.lt\/vilnius-gedimino\/wp-json\/wp\/v2\/media\/699"}],"wp:attachment":[{"href":"https:\/\/shakesnack.lt\/vilnius-gedimino\/wp-json\/wp\/v2\/media?parent=670"}],"wp:term":[{"taxonomy":"product_cat","embeddable":true,"href":"https:\/\/shakesnack.lt\/vilnius-gedimino\/wp-json\/wp\/v2\/product_cat?post=670"},{"taxonomy":"product_tag","embeddable":true,"href":"https:\/\/shakesnack.lt\/vilnius-gedimino\/wp-json\/wp\/v2\/product_tag?post=670"}],"curies":[{"name":"wp","href":"https:\/\/api.w.org\/{rel}","templated":true}]}}