{"id":667,"date":"2021-02-25T17:38:51","date_gmt":"2021-02-25T15:38:51","guid":{"rendered":"https:\/\/shakesnack.lt\/vilnius-gedimino\/p\/import-placeholder-for-720\/"},"modified":"2022-09-01T13:46:50","modified_gmt":"2022-09-01T10:46:50","slug":"da-luca-pinot-grigio-terre-siciliane-0-75l-sausas-125","status":"publish","type":"product","link":"https:\/\/shakesnack.lt\/vilnius-gedimino\/p\/da-luca-pinot-grigio-terre-siciliane-0-75l-sausas-125\/","title":{"rendered":"DA LUCA PINOT GRIGIO TERRE SICILIANE 0.75L (sausas, 12,5%)"},"content":{"rendered":"","protected":false},"excerpt":{"rendered":"<p><strong><em>Italija,\u00a0 Sicilija. <\/em><\/strong><em>Pinot Grigio <\/em><em>(sausas, 12,5%)\u00a0\u00a0\u00a0\u00a0\u00a0\u00a0\u00a0\u00a0\u00a0\u00a0\u00a0\u00a0\u00a0\u00a0\u00a0\u00a0\u00a0\u00a0\u00a0\u00a0\u00a0\u00a0\u00a0\u00a0\u00a0\u00a0\u00a0\u00a0\u00a0\u00a0\u00a0\u00a0\u00a0\u00a0\u00a0 <\/em><\/p>\n<p><em>Aromatas pilnas \u0161vie\u017ei\u0173 kriau\u0161i\u0173, akacijos \u017eied\u0173 ir vaisi\u0173 nat\u0173.<\/em><\/p>\n<p><em>Skonyje atsiskleid\u017eia persik\u0173, kriau\u0161i\u0173 ir gelton\u0173j\u0173 vaisi\u0173 tonai. <\/em><\/p>\n<p><em>Gerai integruotas minerali\u0161kumas.<\/em><\/p>\n","protected":false},"featured_media":696,"template":"","meta":{"inline_featured_image":false},"product_cat":[172,173,179],"product_tag":[155],"class_list":{"0":"post-667","1":"product","2":"type-product","3":"status-publish","4":"has-post-thumbnail","6":"product_cat-nealkoholiniai-ir-alkoholiniai-gerimai","7":"product_cat-alkoholis-nealkoholiniai-ir-alkoholiniai-gerimai","8":"product_cat-vynai-baltieji-alkoholis-nealkoholiniai-ir-alkoholiniai-gerimai","9":"product_tag-yra-alkoholio","11":"first","12":"outofstock","13":"taxable","14":"shipping-taxable","15":"product-type-simple"},"acf":[],"aioseo_notices":[],"_links":{"self":[{"href":"https:\/\/shakesnack.lt\/vilnius-gedimino\/wp-json\/wp\/v2\/product\/667"}],"collection":[{"href":"https:\/\/shakesnack.lt\/vilnius-gedimino\/wp-json\/wp\/v2\/product"}],"about":[{"href":"https:\/\/shakesnack.lt\/vilnius-gedimino\/wp-json\/wp\/v2\/types\/product"}],"wp:featuredmedia":[{"embeddable":true,"href":"https:\/\/shakesnack.lt\/vilnius-gedimino\/wp-json\/wp\/v2\/media\/696"}],"wp:attachment":[{"href":"https:\/\/shakesnack.lt\/vilnius-gedimino\/wp-json\/wp\/v2\/media?parent=667"}],"wp:term":[{"taxonomy":"product_cat","embeddable":true,"href":"https:\/\/shakesnack.lt\/vilnius-gedimino\/wp-json\/wp\/v2\/product_cat?post=667"},{"taxonomy":"product_tag","embeddable":true,"href":"https:\/\/shakesnack.lt\/vilnius-gedimino\/wp-json\/wp\/v2\/product_tag?post=667"}],"curies":[{"name":"wp","href":"https:\/\/api.w.org\/{rel}","templated":true}]}}