{"id":665,"date":"2021-02-25T17:38:51","date_gmt":"2021-02-25T15:38:51","guid":{"rendered":"https:\/\/shakesnack.lt\/vilnius-gedimino\/p\/import-placeholder-for-713\/"},"modified":"2022-09-01T13:46:04","modified_gmt":"2022-09-01T10:46:04","slug":"chateau-ste-michelle-dry-riesling-0-75l-sausas-13-0","status":"publish","type":"product","link":"https:\/\/shakesnack.lt\/vilnius-gedimino\/p\/chateau-ste-michelle-dry-riesling-0-75l-sausas-13-0\/","title":{"rendered":"CHATEAU STE MICHELLE DRY RIESLING 0.75L (sausas, 13.0%)"},"content":{"rendered":"<p><strong><em>JAV, Va\u0161ingtono valstija, Kolumbijos sl\u0117nis. <\/em><\/strong><em>Riesling<\/em><\/p>\n<p><em>Dominuojantys prinokusi\u0173 persik\u0173 ir abrikos\u0173 aromatai. <\/em><\/p>\n<p><em>Gerai subalansuotas vaisi\u0161kas skonis<\/em><\/p>\n","protected":false},"excerpt":{"rendered":"<p><strong><em>JAV, Va\u0161ingtono valstija, Kolumbijos sl\u0117nis. <\/em><\/strong><em>Riesling<\/em><\/p>\n<p><em>Dominuojantys prinokusi\u0173 persik\u0173 ir abrikos\u0173 aromatai. <\/em><\/p>\n<p><em>Gerai subalansuotas vaisi\u0161kas skonis.<\/em><\/p>\n","protected":false},"featured_media":694,"template":"","meta":{"inline_featured_image":false},"product_cat":[172,173,179],"product_tag":[155],"class_list":{"0":"post-665","1":"product","2":"type-product","3":"status-publish","4":"has-post-thumbnail","6":"product_cat-nealkoholiniai-ir-alkoholiniai-gerimai","7":"product_cat-alkoholis-nealkoholiniai-ir-alkoholiniai-gerimai","8":"product_cat-vynai-baltieji-alkoholis-nealkoholiniai-ir-alkoholiniai-gerimai","9":"product_tag-yra-alkoholio","11":"first","12":"outofstock","13":"taxable","14":"shipping-taxable","15":"product-type-simple"},"acf":[],"aioseo_notices":[],"_links":{"self":[{"href":"https:\/\/shakesnack.lt\/vilnius-gedimino\/wp-json\/wp\/v2\/product\/665"}],"collection":[{"href":"https:\/\/shakesnack.lt\/vilnius-gedimino\/wp-json\/wp\/v2\/product"}],"about":[{"href":"https:\/\/shakesnack.lt\/vilnius-gedimino\/wp-json\/wp\/v2\/types\/product"}],"wp:featuredmedia":[{"embeddable":true,"href":"https:\/\/shakesnack.lt\/vilnius-gedimino\/wp-json\/wp\/v2\/media\/694"}],"wp:attachment":[{"href":"https:\/\/shakesnack.lt\/vilnius-gedimino\/wp-json\/wp\/v2\/media?parent=665"}],"wp:term":[{"taxonomy":"product_cat","embeddable":true,"href":"https:\/\/shakesnack.lt\/vilnius-gedimino\/wp-json\/wp\/v2\/product_cat?post=665"},{"taxonomy":"product_tag","embeddable":true,"href":"https:\/\/shakesnack.lt\/vilnius-gedimino\/wp-json\/wp\/v2\/product_tag?post=665"}],"curies":[{"name":"wp","href":"https:\/\/api.w.org\/{rel}","templated":true}]}}