{"id":477,"date":"2020-12-30T11:32:54","date_gmt":"2020-12-30T09:32:54","guid":{"rendered":"https:\/\/shakesnack.lt\/vilnius-gedimino\/?post_type=product&#038;p=477"},"modified":"2022-09-01T14:35:05","modified_gmt":"2022-09-01T11:35:05","slug":"vilkmerges-vysniu-041l","status":"publish","type":"product","link":"https:\/\/shakesnack.lt\/vilnius-gedimino\/p\/vilkmerges-vysniu-041l\/","title":{"rendered":"Vilkmerg\u0117s vy\u0161ni\u0173 0,41L (5.0%)"},"content":{"rendered":"","protected":false},"excerpt":{"rendered":"","protected":false},"featured_media":454,"template":"","meta":{"inline_featured_image":false},"product_cat":[174,185],"product_tag":[154,155],"class_list":{"0":"post-477","1":"product","2":"type-product","3":"status-publish","4":"has-post-thumbnail","6":"product_cat-alus-alkoholis-nealkoholiniai-ir-alkoholiniai-gerimai","7":"product_cat-alkoholiniai-gerimai","8":"product_tag-pasiulymas-krepselyje","9":"product_tag-yra-alkoholio","11":"first","12":"outofstock","13":"taxable","14":"shipping-taxable","15":"product-type-simple"},"acf":[],"aioseo_notices":[],"_links":{"self":[{"href":"https:\/\/shakesnack.lt\/vilnius-gedimino\/wp-json\/wp\/v2\/product\/477"}],"collection":[{"href":"https:\/\/shakesnack.lt\/vilnius-gedimino\/wp-json\/wp\/v2\/product"}],"about":[{"href":"https:\/\/shakesnack.lt\/vilnius-gedimino\/wp-json\/wp\/v2\/types\/product"}],"wp:featuredmedia":[{"embeddable":true,"href":"https:\/\/shakesnack.lt\/vilnius-gedimino\/wp-json\/wp\/v2\/media\/454"}],"wp:attachment":[{"href":"https:\/\/shakesnack.lt\/vilnius-gedimino\/wp-json\/wp\/v2\/media?parent=477"}],"wp:term":[{"taxonomy":"product_cat","embeddable":true,"href":"https:\/\/shakesnack.lt\/vilnius-gedimino\/wp-json\/wp\/v2\/product_cat?post=477"},{"taxonomy":"product_tag","embeddable":true,"href":"https:\/\/shakesnack.lt\/vilnius-gedimino\/wp-json\/wp\/v2\/product_tag?post=477"}],"curies":[{"name":"wp","href":"https:\/\/api.w.org\/{rel}","templated":true}]}}