{"id":5477,"date":"2024-08-22T10:59:42","date_gmt":"2024-08-22T07:59:42","guid":{"rendered":"https:\/\/shakesnack.lt\/vilnius-fabijoniskiu\/?post_type=product&#038;p=5477"},"modified":"2025-05-08T12:25:33","modified_gmt":"2025-05-08T09:25:33","slug":"p7-padeklas-5-6-asmenims-50-vnt","status":"publish","type":"product","link":"https:\/\/shakesnack.lt\/vilnius-fabijoniskiu\/p\/p7-padeklas-5-6-asmenims-50-vnt\/","title":{"rendered":"P7. Pad\u0117klas 5-6 asmenims 50 vnt."},"content":{"rendered":"","protected":false},"excerpt":{"rendered":"<p>8 vnt. Avocado Kappa Maki<br \/>\n8 vnt. Sake Kappa Maki (su la\u0161i\u0161a)<br \/>\n8 vnt. Sake Tempura (su la\u0161i\u0161a)<br \/>\n8 vnt. California Sake (su la\u0161i\u0161a)<br \/>\n8 vnt. Philadelphia (su la\u0161i\u0161a ir krab\u0173 lazdel\u0117mis)<br \/>\n10 vnt. Sake Karaage (gruzdinti su austri\u0173 pada\u017eu kepta la\u0161i\u0161a)<\/p>\n","protected":false},"featured_media":5523,"template":"","meta":{"inline_featured_image":false},"product_cat":[246,45,268],"product_tag":[],"class_list":{"0":"post-5477","1":"product","2":"type-product","3":"status-publish","4":"has-post-thumbnail","6":"product_cat-sv-kaledu-ir-naujuju-metu-sventems","7":"product_cat-padeklai","8":"product_cat-5-6-asmenims","10":"first","11":"instock","12":"taxable","13":"shipping-taxable","14":"product-type-simple"},"acf":[],"aioseo_notices":[],"_links":{"self":[{"href":"https:\/\/shakesnack.lt\/vilnius-fabijoniskiu\/wp-json\/wp\/v2\/product\/5477"}],"collection":[{"href":"https:\/\/shakesnack.lt\/vilnius-fabijoniskiu\/wp-json\/wp\/v2\/product"}],"about":[{"href":"https:\/\/shakesnack.lt\/vilnius-fabijoniskiu\/wp-json\/wp\/v2\/types\/product"}],"wp:featuredmedia":[{"embeddable":true,"href":"https:\/\/shakesnack.lt\/vilnius-fabijoniskiu\/wp-json\/wp\/v2\/media\/5523"}],"wp:attachment":[{"href":"https:\/\/shakesnack.lt\/vilnius-fabijoniskiu\/wp-json\/wp\/v2\/media?parent=5477"}],"wp:term":[{"taxonomy":"product_cat","embeddable":true,"href":"https:\/\/shakesnack.lt\/vilnius-fabijoniskiu\/wp-json\/wp\/v2\/product_cat?post=5477"},{"taxonomy":"product_tag","embeddable":true,"href":"https:\/\/shakesnack.lt\/vilnius-fabijoniskiu\/wp-json\/wp\/v2\/product_tag?post=5477"}],"curies":[{"name":"wp","href":"https:\/\/api.w.org\/{rel}","templated":true}]}}