{"id":5476,"date":"2024-08-22T10:59:41","date_gmt":"2024-08-22T07:59:41","guid":{"rendered":"https:\/\/shakesnack.lt\/vilnius-fabijoniskiu\/?post_type=product&#038;p=5476"},"modified":"2025-05-08T12:25:28","modified_gmt":"2025-05-08T09:25:28","slug":"p6-padeklas-5-6-asmenims-48-vnt","status":"publish","type":"product","link":"https:\/\/shakesnack.lt\/vilnius-fabijoniskiu\/p\/p6-padeklas-5-6-asmenims-48-vnt\/","title":{"rendered":"P6. Pad\u0117klas 5-6 asmenims 48 vnt."},"content":{"rendered":"","protected":false},"excerpt":{"rendered":"<p>8 vnt. Mango Maki<br \/>\n8 vnt. Philadelphia Sesame (su la\u0161i\u0161a)<br \/>\n8 vnt. Midori (su tunu)<br \/>\n8 vnt. Royal Ebi (su krevet\u0117mis)<br \/>\n8 vnt. Philadelphia (su la\u0161i\u0161a ir krab\u0173 lazdel\u0117mis)<br \/>\n8 vnt. Canadian (su unguriu ir la\u0161i\u0161a)<\/p>\n","protected":false},"featured_media":5522,"template":"","meta":{"inline_featured_image":false},"product_cat":[246,45,268],"product_tag":[],"class_list":{"0":"post-5476","1":"product","2":"type-product","3":"status-publish","4":"has-post-thumbnail","6":"product_cat-sv-kaledu-ir-naujuju-metu-sventems","7":"product_cat-padeklai","8":"product_cat-5-6-asmenims","10":"first","11":"instock","12":"taxable","13":"shipping-taxable","14":"product-type-simple"},"acf":[],"aioseo_notices":[],"_links":{"self":[{"href":"https:\/\/shakesnack.lt\/vilnius-fabijoniskiu\/wp-json\/wp\/v2\/product\/5476"}],"collection":[{"href":"https:\/\/shakesnack.lt\/vilnius-fabijoniskiu\/wp-json\/wp\/v2\/product"}],"about":[{"href":"https:\/\/shakesnack.lt\/vilnius-fabijoniskiu\/wp-json\/wp\/v2\/types\/product"}],"wp:featuredmedia":[{"embeddable":true,"href":"https:\/\/shakesnack.lt\/vilnius-fabijoniskiu\/wp-json\/wp\/v2\/media\/5522"}],"wp:attachment":[{"href":"https:\/\/shakesnack.lt\/vilnius-fabijoniskiu\/wp-json\/wp\/v2\/media?parent=5476"}],"wp:term":[{"taxonomy":"product_cat","embeddable":true,"href":"https:\/\/shakesnack.lt\/vilnius-fabijoniskiu\/wp-json\/wp\/v2\/product_cat?post=5476"},{"taxonomy":"product_tag","embeddable":true,"href":"https:\/\/shakesnack.lt\/vilnius-fabijoniskiu\/wp-json\/wp\/v2\/product_tag?post=5476"}],"curies":[{"name":"wp","href":"https:\/\/api.w.org\/{rel}","templated":true}]}}