{"id":5475,"date":"2024-08-22T10:59:41","date_gmt":"2024-08-22T07:59:41","guid":{"rendered":"https:\/\/shakesnack.lt\/vilnius-fabijoniskiu\/?post_type=product&#038;p=5475"},"modified":"2024-11-30T18:57:41","modified_gmt":"2024-11-30T16:57:41","slug":"p5-philadelphia-bundle-5-6-asmenims-48-vnt","status":"publish","type":"product","link":"https:\/\/shakesnack.lt\/vilnius-fabijoniskiu\/p\/p5-philadelphia-bundle-5-6-asmenims-48-vnt\/","title":{"rendered":"P5. Philadelphia Bundle 5-6 asmenims 48 vnt."},"content":{"rendered":"","protected":false},"excerpt":{"rendered":"<p>8 vnt. Philadelphia Classic (su la\u0161i\u0161a ir dvigubu s\u016briu)<br \/>\n8 vnt. Philadelphia Gold (su la\u0161i\u0161a)<br \/>\n8 vnt. Philadelphia Sesame (su la\u0161i\u0161a)<br \/>\n8 vnt. Philadelphia Unagi (su unguriu)<br \/>\n8 vnt. Philadelphia (su la\u0161i\u0161a ir krab\u0173 lazdel\u0117mis)<br \/>\n8 vnt. Philadelphia Ebi (su la\u0161i\u0161a ir krevet\u0117mis)<\/p>\n","protected":false},"featured_media":5521,"template":"","meta":{"inline_featured_image":false},"product_cat":[246,45,268,251],"product_tag":[],"class_list":{"0":"post-5475","1":"product","2":"type-product","3":"status-publish","4":"has-post-thumbnail","6":"product_cat-sv-kaledu-ir-naujuju-metu-sventems","7":"product_cat-padeklai","8":"product_cat-5-6-asmenims","9":"product_cat-top-2","11":"first","12":"instock","13":"taxable","14":"shipping-taxable","15":"product-type-simple"},"acf":[],"aioseo_notices":[],"_links":{"self":[{"href":"https:\/\/shakesnack.lt\/vilnius-fabijoniskiu\/wp-json\/wp\/v2\/product\/5475"}],"collection":[{"href":"https:\/\/shakesnack.lt\/vilnius-fabijoniskiu\/wp-json\/wp\/v2\/product"}],"about":[{"href":"https:\/\/shakesnack.lt\/vilnius-fabijoniskiu\/wp-json\/wp\/v2\/types\/product"}],"wp:featuredmedia":[{"embeddable":true,"href":"https:\/\/shakesnack.lt\/vilnius-fabijoniskiu\/wp-json\/wp\/v2\/media\/5521"}],"wp:attachment":[{"href":"https:\/\/shakesnack.lt\/vilnius-fabijoniskiu\/wp-json\/wp\/v2\/media?parent=5475"}],"wp:term":[{"taxonomy":"product_cat","embeddable":true,"href":"https:\/\/shakesnack.lt\/vilnius-fabijoniskiu\/wp-json\/wp\/v2\/product_cat?post=5475"},{"taxonomy":"product_tag","embeddable":true,"href":"https:\/\/shakesnack.lt\/vilnius-fabijoniskiu\/wp-json\/wp\/v2\/product_tag?post=5475"}],"curies":[{"name":"wp","href":"https:\/\/api.w.org\/{rel}","templated":true}]}}