{"id":5468,"date":"2024-08-22T10:59:36","date_gmt":"2024-08-22T07:59:36","guid":{"rendered":"https:\/\/shakesnack.lt\/vilnius-fabijoniskiu\/?post_type=product&#038;p=5468"},"modified":"2025-05-08T12:24:03","modified_gmt":"2025-05-08T09:24:03","slug":"r4-rinkinys-2-asmenims-16-vnt","status":"publish","type":"product","link":"https:\/\/shakesnack.lt\/vilnius-fabijoniskiu\/p\/r4-rinkinys-2-asmenims-16-vnt\/","title":{"rendered":"R4. Rinkinys 2 asmenims 16 vnt."},"content":{"rendered":"","protected":false},"excerpt":{"rendered":"<p>4 vnt. Sake tempura (su la\u0161i\u0161a)<br \/>\n4 vnt. Green Sake (su kepta la\u0161i\u0161a ir austri\u0173 pada\u017eu)<br \/>\n4 vnt. Tekka Maguro (su tunu)<br \/>\n4 vnt. Aka (su la\u0161i\u0161a ir krevet\u0117mis)<\/p>\n","protected":false},"featured_media":5510,"template":"","meta":{"inline_featured_image":false},"product_cat":[246,41,257],"product_tag":[],"class_list":{"0":"post-5468","1":"product","2":"type-product","3":"status-publish","4":"has-post-thumbnail","6":"product_cat-sv-kaledu-ir-naujuju-metu-sventems","7":"product_cat-rinkiniai","8":"product_cat-rinkiniai-2-asmenims","10":"first","11":"instock","12":"taxable","13":"shipping-taxable","14":"product-type-simple"},"acf":[],"aioseo_notices":[],"_links":{"self":[{"href":"https:\/\/shakesnack.lt\/vilnius-fabijoniskiu\/wp-json\/wp\/v2\/product\/5468"}],"collection":[{"href":"https:\/\/shakesnack.lt\/vilnius-fabijoniskiu\/wp-json\/wp\/v2\/product"}],"about":[{"href":"https:\/\/shakesnack.lt\/vilnius-fabijoniskiu\/wp-json\/wp\/v2\/types\/product"}],"wp:featuredmedia":[{"embeddable":true,"href":"https:\/\/shakesnack.lt\/vilnius-fabijoniskiu\/wp-json\/wp\/v2\/media\/5510"}],"wp:attachment":[{"href":"https:\/\/shakesnack.lt\/vilnius-fabijoniskiu\/wp-json\/wp\/v2\/media?parent=5468"}],"wp:term":[{"taxonomy":"product_cat","embeddable":true,"href":"https:\/\/shakesnack.lt\/vilnius-fabijoniskiu\/wp-json\/wp\/v2\/product_cat?post=5468"},{"taxonomy":"product_tag","embeddable":true,"href":"https:\/\/shakesnack.lt\/vilnius-fabijoniskiu\/wp-json\/wp\/v2\/product_tag?post=5468"}],"curies":[{"name":"wp","href":"https:\/\/api.w.org\/{rel}","templated":true}]}}