{"id":5467,"date":"2024-08-22T10:59:35","date_gmt":"2024-08-22T07:59:35","guid":{"rendered":"https:\/\/shakesnack.lt\/vilnius-fabijoniskiu\/?post_type=product&#038;p=5467"},"modified":"2025-02-14T23:00:49","modified_gmt":"2025-02-14T21:00:49","slug":"saldus-amai-8-vnt","status":"publish","type":"product","link":"https:\/\/shakesnack.lt\/vilnius-fabijoniskiu\/p\/saldus-amai-8-vnt\/","title":{"rendered":"Saldus AMAI 8 vnt."},"content":{"rendered":"","protected":false},"excerpt":{"rendered":"<p>Su vaisiais, kokos\u0173 rie\u0161ut\u0173 dro\u017el\u0117mis.<\/p>\n","protected":false},"featured_media":5509,"template":"","meta":{"inline_featured_image":false},"product_cat":[203,38,44],"product_tag":[],"class_list":{"0":"post-5467","1":"product","2":"type-product","3":"status-publish","4":"has-post-thumbnail","6":"product_cat-naujienos-ir-spec-pasiulymai","7":"product_cat-susiai","8":"product_cat-desertai","10":"first","11":"outofstock","12":"taxable","13":"shipping-taxable","14":"product-type-simple"},"acf":[],"aioseo_notices":[],"_links":{"self":[{"href":"https:\/\/shakesnack.lt\/vilnius-fabijoniskiu\/wp-json\/wp\/v2\/product\/5467"}],"collection":[{"href":"https:\/\/shakesnack.lt\/vilnius-fabijoniskiu\/wp-json\/wp\/v2\/product"}],"about":[{"href":"https:\/\/shakesnack.lt\/vilnius-fabijoniskiu\/wp-json\/wp\/v2\/types\/product"}],"wp:featuredmedia":[{"embeddable":true,"href":"https:\/\/shakesnack.lt\/vilnius-fabijoniskiu\/wp-json\/wp\/v2\/media\/5509"}],"wp:attachment":[{"href":"https:\/\/shakesnack.lt\/vilnius-fabijoniskiu\/wp-json\/wp\/v2\/media?parent=5467"}],"wp:term":[{"taxonomy":"product_cat","embeddable":true,"href":"https:\/\/shakesnack.lt\/vilnius-fabijoniskiu\/wp-json\/wp\/v2\/product_cat?post=5467"},{"taxonomy":"product_tag","embeddable":true,"href":"https:\/\/shakesnack.lt\/vilnius-fabijoniskiu\/wp-json\/wp\/v2\/product_tag?post=5467"}],"curies":[{"name":"wp","href":"https:\/\/api.w.org\/{rel}","templated":true}]}}