{"id":5301,"date":"2024-08-22T10:56:42","date_gmt":"2024-08-22T07:56:42","guid":{"rendered":"https:\/\/shakesnack.lt\/vilnius-fabijoniskiu\/?post_type=product&#038;p=5301"},"modified":"2026-05-07T19:35:06","modified_gmt":"2026-05-07T16:35:06","slug":"r13-sake-karaage-tempura-3-asmenims-30-vnt-gruzdinti","status":"publish","type":"product","link":"https:\/\/shakesnack.lt\/vilnius-fabijoniskiu\/p\/r13-sake-karaage-tempura-3-asmenims-30-vnt-gruzdinti\/","title":{"rendered":"R13. SAKE KARAAGE TEMPURA 3 asmenims  30 vnt. (gruzdinti)"},"content":{"rendered":"","protected":false},"excerpt":{"rendered":"<p>30 vnt. Sake Karaage Tempura su KARAI pada\u017eu (kepta la\u0161i\u0161a su austri\u0173 pada\u017eu)<\/p>\n","protected":false},"featured_media":6073,"template":"","meta":{"inline_featured_image":false},"product_cat":[246,92,41,258,251],"product_tag":[167],"class_list":{"0":"post-5301","1":"product","2":"type-product","3":"status-publish","4":"has-post-thumbnail","6":"product_cat-sv-kaledu-ir-naujuju-metu-sventems","7":"product_cat-kepti","8":"product_cat-rinkiniai","9":"product_cat-rinkiniai-3-asmenims","10":"product_cat-top-2","11":"product_tag-apkepti","13":"first","14":"instock","15":"taxable","16":"shipping-taxable","17":"product-type-simple"},"acf":[],"aioseo_notices":[],"_links":{"self":[{"href":"https:\/\/shakesnack.lt\/vilnius-fabijoniskiu\/wp-json\/wp\/v2\/product\/5301"}],"collection":[{"href":"https:\/\/shakesnack.lt\/vilnius-fabijoniskiu\/wp-json\/wp\/v2\/product"}],"about":[{"href":"https:\/\/shakesnack.lt\/vilnius-fabijoniskiu\/wp-json\/wp\/v2\/types\/product"}],"wp:featuredmedia":[{"embeddable":true,"href":"https:\/\/shakesnack.lt\/vilnius-fabijoniskiu\/wp-json\/wp\/v2\/media\/6073"}],"wp:attachment":[{"href":"https:\/\/shakesnack.lt\/vilnius-fabijoniskiu\/wp-json\/wp\/v2\/media?parent=5301"}],"wp:term":[{"taxonomy":"product_cat","embeddable":true,"href":"https:\/\/shakesnack.lt\/vilnius-fabijoniskiu\/wp-json\/wp\/v2\/product_cat?post=5301"},{"taxonomy":"product_tag","embeddable":true,"href":"https:\/\/shakesnack.lt\/vilnius-fabijoniskiu\/wp-json\/wp\/v2\/product_tag?post=5301"}],"curies":[{"name":"wp","href":"https:\/\/api.w.org\/{rel}","templated":true}]}}