{"id":5232,"date":"2024-08-22T10:55:38","date_gmt":"2024-08-22T07:55:38","guid":{"rendered":"https:\/\/shakesnack.lt\/vilnius-fabijoniskiu\/?post_type=product&#038;p=5232"},"modified":"2025-05-01T00:06:23","modified_gmt":"2025-04-30T21:06:23","slug":"poke-bowl-su-lasisa","status":"publish","type":"product","link":"https:\/\/shakesnack.lt\/vilnius-fabijoniskiu\/p\/poke-bowl-su-lasisa\/","title":{"rendered":"Poke Bowl su la\u0161i\u0161a"},"content":{"rendered":"","protected":false},"excerpt":{"rendered":"<p>La\u0161i\u0161a, avokadas, Edamame pupel\u0117s, Wakame salotos, su kokos\u0173 pienu marinuotos morkos, m\u0117lynieji kop\u016bstai, austri\u0173 pada\u017eas, sezamas, migdol\u0173 riekel\u0117s, sojos pada\u017eas.<br \/>\nPOKE skaniname \u010desnako \u017ealuma. Jeigu nem\u0117gstate, informuokite.<\/p>\n","protected":false},"featured_media":5262,"template":"","meta":{"inline_featured_image":false},"product_cat":[39,251],"product_tag":[],"class_list":{"0":"post-5232","1":"product","2":"type-product","3":"status-publish","4":"has-post-thumbnail","6":"product_cat-pokes-dubenys-ir-salotos","7":"product_cat-top-2","9":"first","10":"instock","11":"taxable","12":"shipping-taxable","13":"product-type-simple"},"acf":[],"aioseo_notices":[],"_links":{"self":[{"href":"https:\/\/shakesnack.lt\/vilnius-fabijoniskiu\/wp-json\/wp\/v2\/product\/5232"}],"collection":[{"href":"https:\/\/shakesnack.lt\/vilnius-fabijoniskiu\/wp-json\/wp\/v2\/product"}],"about":[{"href":"https:\/\/shakesnack.lt\/vilnius-fabijoniskiu\/wp-json\/wp\/v2\/types\/product"}],"wp:featuredmedia":[{"embeddable":true,"href":"https:\/\/shakesnack.lt\/vilnius-fabijoniskiu\/wp-json\/wp\/v2\/media\/5262"}],"wp:attachment":[{"href":"https:\/\/shakesnack.lt\/vilnius-fabijoniskiu\/wp-json\/wp\/v2\/media?parent=5232"}],"wp:term":[{"taxonomy":"product_cat","embeddable":true,"href":"https:\/\/shakesnack.lt\/vilnius-fabijoniskiu\/wp-json\/wp\/v2\/product_cat?post=5232"},{"taxonomy":"product_tag","embeddable":true,"href":"https:\/\/shakesnack.lt\/vilnius-fabijoniskiu\/wp-json\/wp\/v2\/product_tag?post=5232"}],"curies":[{"name":"wp","href":"https:\/\/api.w.org\/{rel}","templated":true}]}}