{"id":40624,"date":"2026-02-10T10:20:19","date_gmt":"2026-02-10T08:20:19","guid":{"rendered":"https:\/\/shakesnack.lt\/vilnius-didlaukio\/?post_type=product&#038;p=40624"},"modified":"2026-02-10T10:21:14","modified_gmt":"2026-02-10T08:21:14","slug":"saldziarugstis-padazas","status":"publish","type":"product","link":"https:\/\/shakesnack.lt\/vilnius-didlaukio\/p\/saldziarugstis-padazas\/","title":{"rendered":"Sald\u017eiar\u016bg\u0161tis pada\u017eas"},"content":{"rendered":"","protected":false},"excerpt":{"rendered":"","protected":false},"featured_media":0,"template":"","meta":{"inline_featured_image":false},"product_cat":[226,227],"product_tag":[],"class_list":{"0":"post-40624","1":"product","2":"type-product","3":"status-publish","5":"product_cat-wok-azijietiski-patiekalai","6":"product_cat-priedai-papildomai-jeigu-manote-kad-pritruks","8":"first","9":"outofstock","10":"taxable","11":"shipping-taxable","12":"purchasable","13":"product-type-simple"},"acf":[],"aioseo_notices":[],"_links":{"self":[{"href":"https:\/\/shakesnack.lt\/vilnius-didlaukio\/wp-json\/wp\/v2\/product\/40624"}],"collection":[{"href":"https:\/\/shakesnack.lt\/vilnius-didlaukio\/wp-json\/wp\/v2\/product"}],"about":[{"href":"https:\/\/shakesnack.lt\/vilnius-didlaukio\/wp-json\/wp\/v2\/types\/product"}],"wp:attachment":[{"href":"https:\/\/shakesnack.lt\/vilnius-didlaukio\/wp-json\/wp\/v2\/media?parent=40624"}],"wp:term":[{"taxonomy":"product_cat","embeddable":true,"href":"https:\/\/shakesnack.lt\/vilnius-didlaukio\/wp-json\/wp\/v2\/product_cat?post=40624"},{"taxonomy":"product_tag","embeddable":true,"href":"https:\/\/shakesnack.lt\/vilnius-didlaukio\/wp-json\/wp\/v2\/product_tag?post=40624"}],"curies":[{"name":"wp","href":"https:\/\/api.w.org\/{rel}","templated":true}]}}