{"id":40605,"date":"2026-02-10T10:19:48","date_gmt":"2026-02-10T08:19:48","guid":{"rendered":"https:\/\/shakesnack.lt\/vilnius-didlaukio\/?post_type=product&#038;p=40605"},"modified":"2026-02-10T10:21:04","modified_gmt":"2026-02-10T08:21:04","slug":"p6-padeklas-5-6-asmenims-48-vnt","status":"publish","type":"product","link":"https:\/\/shakesnack.lt\/vilnius-didlaukio\/p\/p6-padeklas-5-6-asmenims-48-vnt\/","title":{"rendered":"P6. Pad\u0117klas 5-6 asmenims 48 vnt."},"content":{"rendered":"","protected":false},"excerpt":{"rendered":"<p>8 vnt. Mango Maki<br \/>\n8 vnt. Philadelphia Sesame (su la\u0161i\u0161a)<br \/>\n8 vnt. Midori (su tunu)<br \/>\n8 vnt. Royal Ebi (su krevet\u0117mis)<br \/>\n8 vnt. Philadelphia (su la\u0161i\u0161a ir krab\u0173 lazdel\u0117mis)<br \/>\n8 vnt. Canadian (su unguriu ir la\u0161i\u0161a)<\/p>\n","protected":false},"featured_media":40652,"template":"","meta":{"inline_featured_image":false},"product_cat":[225,45,214],"product_tag":[],"class_list":{"0":"post-40605","1":"product","2":"type-product","3":"status-publish","4":"has-post-thumbnail","6":"product_cat-sv-kaledu-ir-naujuju-metu-svenciu-meniu","7":"product_cat-padeklai","8":"product_cat-5-6-asmenims","10":"first","11":"instock","12":"taxable","13":"shipping-taxable","14":"purchasable","15":"product-type-simple"},"acf":[],"aioseo_notices":[],"_links":{"self":[{"href":"https:\/\/shakesnack.lt\/vilnius-didlaukio\/wp-json\/wp\/v2\/product\/40605"}],"collection":[{"href":"https:\/\/shakesnack.lt\/vilnius-didlaukio\/wp-json\/wp\/v2\/product"}],"about":[{"href":"https:\/\/shakesnack.lt\/vilnius-didlaukio\/wp-json\/wp\/v2\/types\/product"}],"wp:featuredmedia":[{"embeddable":true,"href":"https:\/\/shakesnack.lt\/vilnius-didlaukio\/wp-json\/wp\/v2\/media\/40652"}],"wp:attachment":[{"href":"https:\/\/shakesnack.lt\/vilnius-didlaukio\/wp-json\/wp\/v2\/media?parent=40605"}],"wp:term":[{"taxonomy":"product_cat","embeddable":true,"href":"https:\/\/shakesnack.lt\/vilnius-didlaukio\/wp-json\/wp\/v2\/product_cat?post=40605"},{"taxonomy":"product_tag","embeddable":true,"href":"https:\/\/shakesnack.lt\/vilnius-didlaukio\/wp-json\/wp\/v2\/product_tag?post=40605"}],"curies":[{"name":"wp","href":"https:\/\/api.w.org\/{rel}","templated":true}]}}