{"id":40550,"date":"2026-02-10T10:18:37","date_gmt":"2026-02-10T08:18:37","guid":{"rendered":"https:\/\/shakesnack.lt\/vilnius-didlaukio\/?post_type=product&#038;p=40550"},"modified":"2026-04-18T16:45:57","modified_gmt":"2026-04-18T13:45:57","slug":"sriuba-vistienos-wok-d-pietu-kaina-890","status":"publish","type":"product","link":"https:\/\/shakesnack.lt\/vilnius-didlaukio\/p\/sriuba-vistienos-wok-d-pietu-kaina-890\/","title":{"rendered":"Sriuba + Vi\u0161tienos WOK  (d. piet\u0173 kaina 8,90)"},"content":{"rendered":"","protected":false},"excerpt":{"rendered":"<p>WOK su vi\u0161tiena, kepintomis dar\u017eov\u0117mis ir sald\u017eiar\u016bg\u0161\u010diu pada\u017eu.<\/p>\n","protected":false},"featured_media":40591,"template":"","meta":{"inline_featured_image":false},"product_cat":[208],"product_tag":[],"class_list":{"0":"post-40550","1":"product","2":"type-product","3":"status-publish","4":"has-post-thumbnail","6":"product_cat-dienos-pietus-i-iv-nuo-1130-iki-1500","8":"first","9":"outofstock","10":"taxable","11":"shipping-taxable","12":"purchasable","13":"product-type-simple"},"acf":[],"aioseo_notices":[],"_links":{"self":[{"href":"https:\/\/shakesnack.lt\/vilnius-didlaukio\/wp-json\/wp\/v2\/product\/40550"}],"collection":[{"href":"https:\/\/shakesnack.lt\/vilnius-didlaukio\/wp-json\/wp\/v2\/product"}],"about":[{"href":"https:\/\/shakesnack.lt\/vilnius-didlaukio\/wp-json\/wp\/v2\/types\/product"}],"wp:featuredmedia":[{"embeddable":true,"href":"https:\/\/shakesnack.lt\/vilnius-didlaukio\/wp-json\/wp\/v2\/media\/40591"}],"wp:attachment":[{"href":"https:\/\/shakesnack.lt\/vilnius-didlaukio\/wp-json\/wp\/v2\/media?parent=40550"}],"wp:term":[{"taxonomy":"product_cat","embeddable":true,"href":"https:\/\/shakesnack.lt\/vilnius-didlaukio\/wp-json\/wp\/v2\/product_cat?post=40550"},{"taxonomy":"product_tag","embeddable":true,"href":"https:\/\/shakesnack.lt\/vilnius-didlaukio\/wp-json\/wp\/v2\/product_tag?post=40550"}],"curies":[{"name":"wp","href":"https:\/\/api.w.org\/{rel}","templated":true}]}}