{"id":40545,"date":"2026-02-10T10:18:32","date_gmt":"2026-02-10T08:18:32","guid":{"rendered":"https:\/\/shakesnack.lt\/vilnius-didlaukio\/?post_type=product&#038;p=40545"},"modified":"2026-04-18T16:45:57","modified_gmt":"2026-04-18T13:45:57","slug":"sriubagruzdinti-susiai-su-lasisa-d-pietu-kaina-890","status":"publish","type":"product","link":"https:\/\/shakesnack.lt\/vilnius-didlaukio\/p\/sriubagruzdinti-susiai-su-lasisa-d-pietu-kaina-890\/","title":{"rendered":"Sriuba+Gruzdinti su\u0161iai su la\u0161i\u0161a  (d. piet\u0173 kaina 8,90)"},"content":{"rendered":"","protected":false},"excerpt":{"rendered":"","protected":false},"featured_media":40586,"template":"","meta":{"inline_featured_image":false},"product_cat":[208],"product_tag":[],"class_list":{"0":"post-40545","1":"product","2":"type-product","3":"status-publish","4":"has-post-thumbnail","6":"product_cat-dienos-pietus-i-iv-nuo-1130-iki-1500","8":"first","9":"outofstock","10":"taxable","11":"shipping-taxable","12":"purchasable","13":"product-type-simple"},"acf":[],"aioseo_notices":[],"_links":{"self":[{"href":"https:\/\/shakesnack.lt\/vilnius-didlaukio\/wp-json\/wp\/v2\/product\/40545"}],"collection":[{"href":"https:\/\/shakesnack.lt\/vilnius-didlaukio\/wp-json\/wp\/v2\/product"}],"about":[{"href":"https:\/\/shakesnack.lt\/vilnius-didlaukio\/wp-json\/wp\/v2\/types\/product"}],"wp:featuredmedia":[{"embeddable":true,"href":"https:\/\/shakesnack.lt\/vilnius-didlaukio\/wp-json\/wp\/v2\/media\/40586"}],"wp:attachment":[{"href":"https:\/\/shakesnack.lt\/vilnius-didlaukio\/wp-json\/wp\/v2\/media?parent=40545"}],"wp:term":[{"taxonomy":"product_cat","embeddable":true,"href":"https:\/\/shakesnack.lt\/vilnius-didlaukio\/wp-json\/wp\/v2\/product_cat?post=40545"},{"taxonomy":"product_tag","embeddable":true,"href":"https:\/\/shakesnack.lt\/vilnius-didlaukio\/wp-json\/wp\/v2\/product_tag?post=40545"}],"curies":[{"name":"wp","href":"https:\/\/api.w.org\/{rel}","templated":true}]}}