{"id":40489,"date":"2026-02-10T10:17:25","date_gmt":"2026-02-10T08:17:25","guid":{"rendered":"https:\/\/shakesnack.lt\/vilnius-didlaukio\/?post_type=product&#038;p=40489"},"modified":"2026-02-10T10:18:16","modified_gmt":"2026-02-10T08:18:16","slug":"9-wok-su-krevetemis-saldziarugsciu-padazu-ir-kvietiniais-makaronais","status":"publish","type":"product","link":"https:\/\/shakesnack.lt\/vilnius-didlaukio\/p\/9-wok-su-krevetemis-saldziarugsciu-padazu-ir-kvietiniais-makaronais\/","title":{"rendered":"9. WOK SU KREVET\u0116MIS, sald\u017eiar\u016bg\u0161\u010diu pada\u017eu ir kvietiniais makaronais"},"content":{"rendered":"","protected":false},"excerpt":{"rendered":"<p>Su baltaisiais ridikais, porais, \u010desnaku, pievagrybiais, terijakiu, soj\u0173 pada\u017eu, sezamu. <\/p>\n","protected":false},"featured_media":40530,"template":"","meta":{"inline_featured_image":false},"product_cat":[226,196],"product_tag":[],"class_list":{"0":"post-40489","1":"product","2":"type-product","3":"status-publish","4":"has-post-thumbnail","6":"product_cat-wok-azijietiski-patiekalai","7":"product_cat-top-2","9":"first","10":"instock","11":"taxable","12":"shipping-taxable","13":"purchasable","14":"product-type-simple"},"acf":[],"aioseo_notices":[],"_links":{"self":[{"href":"https:\/\/shakesnack.lt\/vilnius-didlaukio\/wp-json\/wp\/v2\/product\/40489"}],"collection":[{"href":"https:\/\/shakesnack.lt\/vilnius-didlaukio\/wp-json\/wp\/v2\/product"}],"about":[{"href":"https:\/\/shakesnack.lt\/vilnius-didlaukio\/wp-json\/wp\/v2\/types\/product"}],"wp:featuredmedia":[{"embeddable":true,"href":"https:\/\/shakesnack.lt\/vilnius-didlaukio\/wp-json\/wp\/v2\/media\/40530"}],"wp:attachment":[{"href":"https:\/\/shakesnack.lt\/vilnius-didlaukio\/wp-json\/wp\/v2\/media?parent=40489"}],"wp:term":[{"taxonomy":"product_cat","embeddable":true,"href":"https:\/\/shakesnack.lt\/vilnius-didlaukio\/wp-json\/wp\/v2\/product_cat?post=40489"},{"taxonomy":"product_tag","embeddable":true,"href":"https:\/\/shakesnack.lt\/vilnius-didlaukio\/wp-json\/wp\/v2\/product_tag?post=40489"}],"curies":[{"name":"wp","href":"https:\/\/api.w.org\/{rel}","templated":true}]}}