{"id":40484,"date":"2026-02-10T10:17:22","date_gmt":"2026-02-10T08:17:22","guid":{"rendered":"https:\/\/shakesnack.lt\/vilnius-didlaukio\/?post_type=product&#038;p=40484"},"modified":"2026-02-10T10:32:53","modified_gmt":"2026-02-10T08:32:53","slug":"vistienos-sultinys-su-gruzdintais-koldunais","status":"publish","type":"product","link":"https:\/\/shakesnack.lt\/vilnius-didlaukio\/p\/vistienos-sultinys-su-gruzdintais-koldunais\/","title":{"rendered":"Vi\u0161tienos sultinys su gruzdintais kold\u016bnais"},"content":{"rendered":"","protected":false},"excerpt":{"rendered":"<p>Vi\u0161tienos sultinys, gruzdinti kold\u016bnai su vi\u0161tiena ir baravykais, svog\u016bn\u0173 tra\u0161ku\u010diai, pavasarin\u0117 \u017ealuma.<\/p>\n","protected":false},"featured_media":40525,"template":"","meta":{"inline_featured_image":false},"product_cat":[208,40],"product_tag":[],"class_list":{"0":"post-40484","1":"product","2":"type-product","3":"status-publish","4":"has-post-thumbnail","6":"product_cat-dienos-pietus-i-iv-nuo-1130-iki-1500","7":"product_cat-sriubos","9":"first","10":"instock","11":"taxable","12":"shipping-taxable","13":"purchasable","14":"product-type-simple"},"acf":[],"aioseo_notices":[],"_links":{"self":[{"href":"https:\/\/shakesnack.lt\/vilnius-didlaukio\/wp-json\/wp\/v2\/product\/40484"}],"collection":[{"href":"https:\/\/shakesnack.lt\/vilnius-didlaukio\/wp-json\/wp\/v2\/product"}],"about":[{"href":"https:\/\/shakesnack.lt\/vilnius-didlaukio\/wp-json\/wp\/v2\/types\/product"}],"wp:featuredmedia":[{"embeddable":true,"href":"https:\/\/shakesnack.lt\/vilnius-didlaukio\/wp-json\/wp\/v2\/media\/40525"}],"wp:attachment":[{"href":"https:\/\/shakesnack.lt\/vilnius-didlaukio\/wp-json\/wp\/v2\/media?parent=40484"}],"wp:term":[{"taxonomy":"product_cat","embeddable":true,"href":"https:\/\/shakesnack.lt\/vilnius-didlaukio\/wp-json\/wp\/v2\/product_cat?post=40484"},{"taxonomy":"product_tag","embeddable":true,"href":"https:\/\/shakesnack.lt\/vilnius-didlaukio\/wp-json\/wp\/v2\/product_tag?post=40484"}],"curies":[{"name":"wp","href":"https:\/\/api.w.org\/{rel}","templated":true}]}}