{"id":40480,"date":"2026-02-10T10:17:19","date_gmt":"2026-02-10T08:17:19","guid":{"rendered":"https:\/\/shakesnack.lt\/vilnius-didlaukio\/?post_type=product&#038;p=40480"},"modified":"2026-04-24T09:15:05","modified_gmt":"2026-04-24T06:15:05","slug":"r13-sake-karaage-tempura-3-asmenims-30-vnt-gruzdinti","status":"publish","type":"product","link":"https:\/\/shakesnack.lt\/vilnius-didlaukio\/p\/r13-sake-karaage-tempura-3-asmenims-30-vnt-gruzdinti\/","title":{"rendered":"R13. SAKE KARAAGE TEMPURA 3 asmenims  30 vnt. (gruzdinti)"},"content":{"rendered":"","protected":false},"excerpt":{"rendered":"<p>30 vnt. Sake Karaage Tempura su KARAI pada\u017eu (kepta la\u0161i\u0161a su austri\u0173 pada\u017eu)<\/p>\n","protected":false},"featured_media":40510,"template":"","meta":{"inline_featured_image":false},"product_cat":[225,153,199,41,203,196],"product_tag":[123],"class_list":{"0":"post-40480","1":"product","2":"type-product","3":"status-publish","4":"has-post-thumbnail","6":"product_cat-sv-kaledu-ir-naujuju-metu-svenciu-meniu","7":"product_cat-kepti-gruzdinti","8":"product_cat-su-kepta-lasisa","9":"product_cat-rinkiniai","10":"product_cat-rinkiniai-3-asmenims","11":"product_cat-top-2","12":"product_tag-apkepti","14":"first","15":"instock","16":"taxable","17":"shipping-taxable","18":"purchasable","19":"product-type-simple"},"acf":[],"aioseo_notices":[],"_links":{"self":[{"href":"https:\/\/shakesnack.lt\/vilnius-didlaukio\/wp-json\/wp\/v2\/product\/40480"}],"collection":[{"href":"https:\/\/shakesnack.lt\/vilnius-didlaukio\/wp-json\/wp\/v2\/product"}],"about":[{"href":"https:\/\/shakesnack.lt\/vilnius-didlaukio\/wp-json\/wp\/v2\/types\/product"}],"wp:featuredmedia":[{"embeddable":true,"href":"https:\/\/shakesnack.lt\/vilnius-didlaukio\/wp-json\/wp\/v2\/media\/40510"}],"wp:attachment":[{"href":"https:\/\/shakesnack.lt\/vilnius-didlaukio\/wp-json\/wp\/v2\/media?parent=40480"}],"wp:term":[{"taxonomy":"product_cat","embeddable":true,"href":"https:\/\/shakesnack.lt\/vilnius-didlaukio\/wp-json\/wp\/v2\/product_cat?post=40480"},{"taxonomy":"product_tag","embeddable":true,"href":"https:\/\/shakesnack.lt\/vilnius-didlaukio\/wp-json\/wp\/v2\/product_tag?post=40480"}],"curies":[{"name":"wp","href":"https:\/\/api.w.org\/{rel}","templated":true}]}}