{"id":40423,"date":"2026-02-10T10:16:22","date_gmt":"2026-02-10T08:16:22","guid":{"rendered":"https:\/\/shakesnack.lt\/vilnius-didlaukio\/?post_type=product&#038;p=40423"},"modified":"2026-02-10T10:17:10","modified_gmt":"2026-02-10T08:17:10","slug":"traskus-koldunai-su-obuoliais-ir-karameles-padazu","status":"publish","type":"product","link":"https:\/\/shakesnack.lt\/vilnius-didlaukio\/p\/traskus-koldunai-su-obuoliais-ir-karameles-padazu\/","title":{"rendered":"Tra\u0161k\u016bs kold\u016bnai su obuoliais ir karamel\u0117s pada\u017eu"},"content":{"rendered":"","protected":false},"excerpt":{"rendered":"<p>Gruzdinti japoni\u0161ki kold\u016bnai su obuoliais ir cinamonu. <\/p>\n","protected":false},"featured_media":40468,"template":"","meta":{"inline_featured_image":false},"product_cat":[44],"product_tag":[],"class_list":{"0":"post-40423","1":"product","2":"type-product","3":"status-publish","4":"has-post-thumbnail","6":"product_cat-desertai","8":"first","9":"instock","10":"taxable","11":"shipping-taxable","12":"purchasable","13":"product-type-simple"},"acf":[],"aioseo_notices":[],"_links":{"self":[{"href":"https:\/\/shakesnack.lt\/vilnius-didlaukio\/wp-json\/wp\/v2\/product\/40423"}],"collection":[{"href":"https:\/\/shakesnack.lt\/vilnius-didlaukio\/wp-json\/wp\/v2\/product"}],"about":[{"href":"https:\/\/shakesnack.lt\/vilnius-didlaukio\/wp-json\/wp\/v2\/types\/product"}],"wp:featuredmedia":[{"embeddable":true,"href":"https:\/\/shakesnack.lt\/vilnius-didlaukio\/wp-json\/wp\/v2\/media\/40468"}],"wp:attachment":[{"href":"https:\/\/shakesnack.lt\/vilnius-didlaukio\/wp-json\/wp\/v2\/media?parent=40423"}],"wp:term":[{"taxonomy":"product_cat","embeddable":true,"href":"https:\/\/shakesnack.lt\/vilnius-didlaukio\/wp-json\/wp\/v2\/product_cat?post=40423"},{"taxonomy":"product_tag","embeddable":true,"href":"https:\/\/shakesnack.lt\/vilnius-didlaukio\/wp-json\/wp\/v2\/product_tag?post=40423"}],"curies":[{"name":"wp","href":"https:\/\/api.w.org\/{rel}","templated":true}]}}