{"id":40409,"date":"2026-02-10T10:16:13","date_gmt":"2026-02-10T08:16:13","guid":{"rendered":"https:\/\/shakesnack.lt\/vilnius-didlaukio\/?post_type=product&#038;p=40409"},"modified":"2026-02-10T10:16:44","modified_gmt":"2026-02-10T08:16:44","slug":"spring-rolls-suktinukai-su-darzovemis-8-vnt","status":"publish","type":"product","link":"https:\/\/shakesnack.lt\/vilnius-didlaukio\/p\/spring-rolls-suktinukai-su-darzovemis-8-vnt\/","title":{"rendered":"SPRING ROLLS suktinukai su dar\u017eov\u0117mis 8 vnt."},"content":{"rendered":"","protected":false},"excerpt":{"rendered":"<p>Suktinukai su dar\u017eov\u0117mis, sald\u017eiar\u016bg\u0161\u010diu aitriu pada\u017eu<\/p>\n","protected":false},"featured_media":40439,"template":"","meta":{"inline_featured_image":false},"product_cat":[43],"product_tag":[],"class_list":{"0":"post-40409","1":"product","2":"type-product","3":"status-publish","4":"has-post-thumbnail","6":"product_cat-uzkandziai","8":"first","9":"instock","10":"taxable","11":"shipping-taxable","12":"purchasable","13":"product-type-simple"},"acf":[],"aioseo_notices":[],"_links":{"self":[{"href":"https:\/\/shakesnack.lt\/vilnius-didlaukio\/wp-json\/wp\/v2\/product\/40409"}],"collection":[{"href":"https:\/\/shakesnack.lt\/vilnius-didlaukio\/wp-json\/wp\/v2\/product"}],"about":[{"href":"https:\/\/shakesnack.lt\/vilnius-didlaukio\/wp-json\/wp\/v2\/types\/product"}],"wp:featuredmedia":[{"embeddable":true,"href":"https:\/\/shakesnack.lt\/vilnius-didlaukio\/wp-json\/wp\/v2\/media\/40439"}],"wp:attachment":[{"href":"https:\/\/shakesnack.lt\/vilnius-didlaukio\/wp-json\/wp\/v2\/media?parent=40409"}],"wp:term":[{"taxonomy":"product_cat","embeddable":true,"href":"https:\/\/shakesnack.lt\/vilnius-didlaukio\/wp-json\/wp\/v2\/product_cat?post=40409"},{"taxonomy":"product_tag","embeddable":true,"href":"https:\/\/shakesnack.lt\/vilnius-didlaukio\/wp-json\/wp\/v2\/product_tag?post=40409"}],"curies":[{"name":"wp","href":"https:\/\/api.w.org\/{rel}","templated":true}]}}