{"id":40406,"date":"2026-02-10T10:16:11","date_gmt":"2026-02-10T08:16:11","guid":{"rendered":"https:\/\/shakesnack.lt\/vilnius-didlaukio\/?post_type=product&#038;p=40406"},"modified":"2026-02-10T10:16:39","modified_gmt":"2026-02-10T08:16:39","slug":"poke-bowl-su-tunu","status":"publish","type":"product","link":"https:\/\/shakesnack.lt\/vilnius-didlaukio\/p\/poke-bowl-su-tunu\/","title":{"rendered":"Poke Bowl su tunu"},"content":{"rendered":"","protected":false},"excerpt":{"rendered":"<p>Gelsvauodegis tunas, avokadas, Edamame pupel\u0117s, Wakame salotos, su kokos\u0173 pienu marinuotos morkos, m\u0117lynieji kop\u016bstai, sezamas, migdol\u0173 riekel\u0117s, KARAI pada\u017eas, sojos pada\u017eas.<br \/>\nPOKE skaniname \u010desnako \u017ealuma. Jeigu nem\u0117gstate, informuokite.<\/p>\n","protected":false},"featured_media":40436,"template":"","meta":{"inline_featured_image":false},"product_cat":[39],"product_tag":[],"class_list":{"0":"post-40406","1":"product","2":"type-product","3":"status-publish","4":"has-post-thumbnail","6":"product_cat-pokes-dubenys-ir-salotos","8":"first","9":"instock","10":"taxable","11":"shipping-taxable","12":"purchasable","13":"product-type-simple"},"acf":[],"aioseo_notices":[],"_links":{"self":[{"href":"https:\/\/shakesnack.lt\/vilnius-didlaukio\/wp-json\/wp\/v2\/product\/40406"}],"collection":[{"href":"https:\/\/shakesnack.lt\/vilnius-didlaukio\/wp-json\/wp\/v2\/product"}],"about":[{"href":"https:\/\/shakesnack.lt\/vilnius-didlaukio\/wp-json\/wp\/v2\/types\/product"}],"wp:featuredmedia":[{"embeddable":true,"href":"https:\/\/shakesnack.lt\/vilnius-didlaukio\/wp-json\/wp\/v2\/media\/40436"}],"wp:attachment":[{"href":"https:\/\/shakesnack.lt\/vilnius-didlaukio\/wp-json\/wp\/v2\/media?parent=40406"}],"wp:term":[{"taxonomy":"product_cat","embeddable":true,"href":"https:\/\/shakesnack.lt\/vilnius-didlaukio\/wp-json\/wp\/v2\/product_cat?post=40406"},{"taxonomy":"product_tag","embeddable":true,"href":"https:\/\/shakesnack.lt\/vilnius-didlaukio\/wp-json\/wp\/v2\/product_tag?post=40406"}],"curies":[{"name":"wp","href":"https:\/\/api.w.org\/{rel}","templated":true}]}}