{"id":37425,"date":"2025-04-18T15:36:28","date_gmt":"2025-04-18T12:36:28","guid":{"rendered":"https:\/\/shakesnack.lt\/vilnius-antakalnio\/?post_type=product&#038;p=37425"},"modified":"2026-02-07T19:00:03","modified_gmt":"2026-02-07T17:00:03","slug":"5-vistiena-kung-pao-su-ryziais","status":"publish","type":"product","link":"https:\/\/shakesnack.lt\/vilnius-antakalnio\/p\/5-vistiena-kung-pao-su-ryziais\/","title":{"rendered":"5. VI\u0160TIENA KUNG PAO su ry\u017eiais"},"content":{"rendered":"","protected":false},"excerpt":{"rendered":"<p>Marinuota vi\u0161tienos \u0161launeli\u0173 m\u0117sa, raudonieji svog\u016bnai, paprikos, salier\u0173 stiebai, \u010desnakai, aitrieji pipiriukai, KUNG PAO pada\u017eas, anakard\u017ei\u0173 rie\u0161utai, svog\u016bn\u0173 \u017ealuma.<\/p>\n","protected":false},"featured_media":37420,"template":"","meta":{"inline_featured_image":false},"product_cat":[162,203],"product_tag":[],"class_list":{"0":"post-37425","1":"product","2":"type-product","3":"status-publish","4":"has-post-thumbnail","6":"product_cat-wok-azijietiski-makaronai","7":"product_cat-top","9":"first","10":"instock","11":"taxable","12":"shipping-taxable","13":"purchasable","14":"product-type-simple"},"acf":[],"aioseo_notices":[],"_links":{"self":[{"href":"https:\/\/shakesnack.lt\/vilnius-antakalnio\/wp-json\/wp\/v2\/product\/37425"}],"collection":[{"href":"https:\/\/shakesnack.lt\/vilnius-antakalnio\/wp-json\/wp\/v2\/product"}],"about":[{"href":"https:\/\/shakesnack.lt\/vilnius-antakalnio\/wp-json\/wp\/v2\/types\/product"}],"wp:featuredmedia":[{"embeddable":true,"href":"https:\/\/shakesnack.lt\/vilnius-antakalnio\/wp-json\/wp\/v2\/media\/37420"}],"wp:attachment":[{"href":"https:\/\/shakesnack.lt\/vilnius-antakalnio\/wp-json\/wp\/v2\/media?parent=37425"}],"wp:term":[{"taxonomy":"product_cat","embeddable":true,"href":"https:\/\/shakesnack.lt\/vilnius-antakalnio\/wp-json\/wp\/v2\/product_cat?post=37425"},{"taxonomy":"product_tag","embeddable":true,"href":"https:\/\/shakesnack.lt\/vilnius-antakalnio\/wp-json\/wp\/v2\/product_tag?post=37425"}],"curies":[{"name":"wp","href":"https:\/\/api.w.org\/{rel}","templated":true}]}}