{"id":37423,"date":"2025-04-18T15:26:42","date_gmt":"2025-04-18T12:26:42","guid":{"rendered":"https:\/\/shakesnack.lt\/vilnius-antakalnio\/?post_type=product&#038;p=37423"},"modified":"2026-02-07T18:59:56","modified_gmt":"2026-02-07T16:59:56","slug":"4-vistiena-guo-bao-su-ryziais","status":"publish","type":"product","link":"https:\/\/shakesnack.lt\/vilnius-antakalnio\/p\/4-vistiena-guo-bao-su-ryziais\/","title":{"rendered":"4. VI\u0160TIENA GUO BAO su ry\u017eiais"},"content":{"rendered":"","protected":false},"excerpt":{"rendered":"<p>Su kepta vi\u0161\u010diuk\u0173 \u0161launeli\u0173 m\u0117sa, paprikomis, raudonaisiais svog\u016bnais, ananasais, kalendros ir svog\u016bn\u0173 \u017ealuma.<\/p>\n","protected":false},"featured_media":37418,"template":"","meta":{"inline_featured_image":false},"product_cat":[162,203],"product_tag":[],"class_list":{"0":"post-37423","1":"product","2":"type-product","3":"status-publish","4":"has-post-thumbnail","6":"product_cat-wok-azijietiski-makaronai","7":"product_cat-top","9":"first","10":"instock","11":"taxable","12":"shipping-taxable","13":"purchasable","14":"product-type-simple"},"acf":[],"aioseo_notices":[],"_links":{"self":[{"href":"https:\/\/shakesnack.lt\/vilnius-antakalnio\/wp-json\/wp\/v2\/product\/37423"}],"collection":[{"href":"https:\/\/shakesnack.lt\/vilnius-antakalnio\/wp-json\/wp\/v2\/product"}],"about":[{"href":"https:\/\/shakesnack.lt\/vilnius-antakalnio\/wp-json\/wp\/v2\/types\/product"}],"wp:featuredmedia":[{"embeddable":true,"href":"https:\/\/shakesnack.lt\/vilnius-antakalnio\/wp-json\/wp\/v2\/media\/37418"}],"wp:attachment":[{"href":"https:\/\/shakesnack.lt\/vilnius-antakalnio\/wp-json\/wp\/v2\/media?parent=37423"}],"wp:term":[{"taxonomy":"product_cat","embeddable":true,"href":"https:\/\/shakesnack.lt\/vilnius-antakalnio\/wp-json\/wp\/v2\/product_cat?post=37423"},{"taxonomy":"product_tag","embeddable":true,"href":"https:\/\/shakesnack.lt\/vilnius-antakalnio\/wp-json\/wp\/v2\/product_tag?post=37423"}],"curies":[{"name":"wp","href":"https:\/\/api.w.org\/{rel}","templated":true}]}}